{"id":1957,"date":"2020-06-15T00:34:09","date_gmt":"2020-06-15T03:34:09","guid":{"rendered":"https:\/\/www.lacasamagica.cl\/ventas\/?post_type=product&#038;p=1957"},"modified":"2023-07-05T12:27:29","modified_gmt":"2023-07-05T15:27:29","slug":"buho-padre-e-hijo","status":"publish","type":"product","link":"https:\/\/www.lacasamagica.cl\/ventas\/producto\/buho-padre-e-hijo\/","title":{"rendered":"B\u00faho Padre e Hijo"},"content":{"rendered":"<p>El b\u00faho es un estupendo amuleto que representa la sabidur\u00eda y se identifica con la inteligencia iluminadora. Nos protege del mal de ojo y de las energ\u00edas negativas, cortando la envidia y ayud\u00e1ndonos a resolver temas del \u00edndole econ\u00f3mico.<\/p>\n<p>Es excelente tener una imagen de este animal si se est\u00e1 trabajando en la comunicaciones o en el comercio.<\/p>\n","protected":false},"excerpt":{"rendered":"<p>B\u00faho grande con b\u00faho peque\u00f1o plateado con dorado.<\/p>\n","protected":false},"featured_media":1954,"comment_status":"open","ping_status":"closed","template":"","meta":{"_acf_changed":false,"_monsterinsights_skip_tracking":false,"_monsterinsights_sitenote_active":false,"_monsterinsights_sitenote_note":"","_monsterinsights_sitenote_category":0},"pwb-brand":[],"product_brand":[],"product_cat":[107,111],"product_tag":[110,109,112],"class_list":{"0":"post-1957","1":"product","2":"type-product","3":"status-publish","4":"has-post-thumbnail","6":"product_cat-animales","7":"product_cat-buhos","8":"product_tag-animales","9":"product_tag-buho","10":"product_tag-buhos","12":"first","13":"outofstock","14":"taxable","15":"shipping-taxable","16":"purchasable","17":"product-type-simple"},"acf":[],"brands":[],"_links":{"self":[{"href":"https:\/\/www.lacasamagica.cl\/ventas\/wp-json\/wp\/v2\/product\/1957","targetHints":{"allow":["GET"]}}],"collection":[{"href":"https:\/\/www.lacasamagica.cl\/ventas\/wp-json\/wp\/v2\/product"}],"about":[{"href":"https:\/\/www.lacasamagica.cl\/ventas\/wp-json\/wp\/v2\/types\/product"}],"replies":[{"embeddable":true,"href":"https:\/\/www.lacasamagica.cl\/ventas\/wp-json\/wp\/v2\/comments?post=1957"}],"wp:featuredmedia":[{"embeddable":true,"href":"https:\/\/www.lacasamagica.cl\/ventas\/wp-json\/wp\/v2\/media\/1954"}],"wp:attachment":[{"href":"https:\/\/www.lacasamagica.cl\/ventas\/wp-json\/wp\/v2\/media?parent=1957"}],"wp:term":[{"taxonomy":"pwb-brand","embeddable":true,"href":"https:\/\/www.lacasamagica.cl\/ventas\/wp-json\/wp\/v2\/pwb-brand?post=1957"},{"taxonomy":"product_brand","embeddable":true,"href":"https:\/\/www.lacasamagica.cl\/ventas\/wp-json\/wp\/v2\/product_brand?post=1957"},{"taxonomy":"product_cat","embeddable":true,"href":"https:\/\/www.lacasamagica.cl\/ventas\/wp-json\/wp\/v2\/product_cat?post=1957"},{"taxonomy":"product_tag","embeddable":true,"href":"https:\/\/www.lacasamagica.cl\/ventas\/wp-json\/wp\/v2\/product_tag?post=1957"}],"curies":[{"name":"wp","href":"https:\/\/api.w.org\/{rel}","templated":true}]}}