{"id":1983,"date":"2020-06-15T02:08:12","date_gmt":"2020-06-15T05:08:12","guid":{"rendered":"https:\/\/www.lacasamagica.cl\/ventas\/?post_type=product&#038;p=1983"},"modified":"2021-01-15T13:00:37","modified_gmt":"2021-01-15T16:00:37","slug":"toro-negro","status":"publish","type":"product","link":"https:\/\/www.lacasamagica.cl\/ventas\/producto\/toro-negro\/","title":{"rendered":"Alcanc\u00eda Toro Negro"},"content":{"rendered":"<p>El toro es un animal sagrado en muchas partes de Asia y simboliza el \u00e9xito, la abundancia y la riqueza. Trae buena suerte en las inversiones, los negocios, la bolsa de valores o en cualquier situaci\u00f3n financiera. Coloca un toro en casa u oficina para activar la riqueza y generar prosperidad para todos. Es un regalo perfecto para los reci\u00e9n casados, los reci\u00e9n graduados, compa\u00f1eros de trabajo y due\u00f1os de negocios.<\/p>\n","protected":false},"excerpt":{"rendered":"<p>Alcanc\u00eda de toro<\/p>\n","protected":false},"featured_media":1984,"comment_status":"open","ping_status":"closed","template":"","meta":{"_acf_changed":false,"_monsterinsights_skip_tracking":false,"_monsterinsights_sitenote_active":false,"_monsterinsights_sitenote_note":"","_monsterinsights_sitenote_category":0},"pwb-brand":[],"product_brand":[],"product_cat":[107,119],"product_tag":[110,121,125],"class_list":{"0":"post-1983","1":"product","2":"type-product","3":"status-publish","4":"has-post-thumbnail","6":"product_cat-animales","7":"product_cat-otros-animales","8":"product_tag-animales","9":"product_tag-otros-animales","10":"product_tag-toro","12":"first","13":"outofstock","14":"taxable","15":"shipping-taxable","16":"purchasable","17":"product-type-simple"},"acf":[],"brands":[],"_links":{"self":[{"href":"https:\/\/www.lacasamagica.cl\/ventas\/wp-json\/wp\/v2\/product\/1983","targetHints":{"allow":["GET"]}}],"collection":[{"href":"https:\/\/www.lacasamagica.cl\/ventas\/wp-json\/wp\/v2\/product"}],"about":[{"href":"https:\/\/www.lacasamagica.cl\/ventas\/wp-json\/wp\/v2\/types\/product"}],"replies":[{"embeddable":true,"href":"https:\/\/www.lacasamagica.cl\/ventas\/wp-json\/wp\/v2\/comments?post=1983"}],"wp:featuredmedia":[{"embeddable":true,"href":"https:\/\/www.lacasamagica.cl\/ventas\/wp-json\/wp\/v2\/media\/1984"}],"wp:attachment":[{"href":"https:\/\/www.lacasamagica.cl\/ventas\/wp-json\/wp\/v2\/media?parent=1983"}],"wp:term":[{"taxonomy":"pwb-brand","embeddable":true,"href":"https:\/\/www.lacasamagica.cl\/ventas\/wp-json\/wp\/v2\/pwb-brand?post=1983"},{"taxonomy":"product_brand","embeddable":true,"href":"https:\/\/www.lacasamagica.cl\/ventas\/wp-json\/wp\/v2\/product_brand?post=1983"},{"taxonomy":"product_cat","embeddable":true,"href":"https:\/\/www.lacasamagica.cl\/ventas\/wp-json\/wp\/v2\/product_cat?post=1983"},{"taxonomy":"product_tag","embeddable":true,"href":"https:\/\/www.lacasamagica.cl\/ventas\/wp-json\/wp\/v2\/product_tag?post=1983"}],"curies":[{"name":"wp","href":"https:\/\/api.w.org\/{rel}","templated":true}]}}