{"id":2274,"date":"2020-06-21T03:19:46","date_gmt":"2020-06-21T06:19:46","guid":{"rendered":"https:\/\/www.lacasamagica.cl\/ventas\/?post_type=product&#038;p=2274"},"modified":"2022-08-16T12:32:01","modified_gmt":"2022-08-16T15:32:01","slug":"lamparas-de-sal","status":"publish","type":"product","link":"https:\/\/www.lacasamagica.cl\/ventas\/producto\/lamparas-de-sal\/","title":{"rendered":"L\u00e1mpara de Sal Redonda"},"content":{"rendered":"<p>La Lampara de Sal tienen efectos positivos para la salud y el bienestar del ser humano y de nuestra casa. Ya que nos ayuda a relajarnos, conciliar el sue\u00f1o y reducir la sensaci\u00f3n de fatiga y estr\u00e9s, mejorando la concentraci\u00f3n.<\/p>\n<p>Su luz armoniza los rincones perdidos donde se estanca la energ\u00eda negativa y absorben el exceso de ondas electromagn\u00e9ticas.<\/p>\n<p>&nbsp;<\/p>\n","protected":false},"excerpt":{"rendered":"<p>Lampara redonda con perlas que contiene piedras de sal rosada del Himalaya.<\/p>\n","protected":false},"featured_media":2275,"comment_status":"open","ping_status":"closed","template":"","meta":{"_acf_changed":false,"_monsterinsights_skip_tracking":false,"_monsterinsights_sitenote_active":false,"_monsterinsights_sitenote_note":"","_monsterinsights_sitenote_category":0},"pwb-brand":[],"product_brand":[],"product_cat":[153],"product_tag":[151,150],"class_list":{"0":"post-2274","1":"product","2":"type-product","3":"status-publish","4":"has-post-thumbnail","6":"product_cat-lamparas-de-sal-2","7":"product_tag-amuletos-y-talismanes","8":"product_tag-productos-esotericos","10":"first","11":"instock","12":"taxable","13":"shipping-taxable","14":"purchasable","15":"product-type-simple"},"acf":[],"brands":[],"_links":{"self":[{"href":"https:\/\/www.lacasamagica.cl\/ventas\/wp-json\/wp\/v2\/product\/2274","targetHints":{"allow":["GET"]}}],"collection":[{"href":"https:\/\/www.lacasamagica.cl\/ventas\/wp-json\/wp\/v2\/product"}],"about":[{"href":"https:\/\/www.lacasamagica.cl\/ventas\/wp-json\/wp\/v2\/types\/product"}],"replies":[{"embeddable":true,"href":"https:\/\/www.lacasamagica.cl\/ventas\/wp-json\/wp\/v2\/comments?post=2274"}],"wp:featuredmedia":[{"embeddable":true,"href":"https:\/\/www.lacasamagica.cl\/ventas\/wp-json\/wp\/v2\/media\/2275"}],"wp:attachment":[{"href":"https:\/\/www.lacasamagica.cl\/ventas\/wp-json\/wp\/v2\/media?parent=2274"}],"wp:term":[{"taxonomy":"pwb-brand","embeddable":true,"href":"https:\/\/www.lacasamagica.cl\/ventas\/wp-json\/wp\/v2\/pwb-brand?post=2274"},{"taxonomy":"product_brand","embeddable":true,"href":"https:\/\/www.lacasamagica.cl\/ventas\/wp-json\/wp\/v2\/product_brand?post=2274"},{"taxonomy":"product_cat","embeddable":true,"href":"https:\/\/www.lacasamagica.cl\/ventas\/wp-json\/wp\/v2\/product_cat?post=2274"},{"taxonomy":"product_tag","embeddable":true,"href":"https:\/\/www.lacasamagica.cl\/ventas\/wp-json\/wp\/v2\/product_tag?post=2274"}],"curies":[{"name":"wp","href":"https:\/\/api.w.org\/{rel}","templated":true}]}}