{"id":2368,"date":"2020-06-21T05:40:24","date_gmt":"2020-06-21T08:40:24","guid":{"rendered":"https:\/\/www.lacasamagica.cl\/ventas\/?post_type=product&#038;p=2368"},"modified":"2021-04-20T16:57:08","modified_gmt":"2021-04-20T19:57:08","slug":"aromaterapia-difusores-electricos-0152-rosa","status":"publish","type":"product","link":"https:\/\/www.lacasamagica.cl\/ventas\/producto\/aromaterapia-difusores-electricos-0152-rosa\/","title":{"rendered":"Difusor Aromaterapia Redondo Colores"},"content":{"rendered":"<p>Los difusores de aromaterapia convierten la combinaci\u00f3n de agua y aceites esenciales en vapor que, junto con aromatizar el ambiente, ayudan a disminuir la tensi\u00f3n, mejorar el estado de \u00e1nimo y a despejar la mente.<\/p>\n","protected":false},"excerpt":{"rendered":"<p>Difusor redondo de Pl\u00e1stico con luz interior y capacidad de 300 ml. Conector USB ( no contiene adaptador a corriente)<\/p>\n","protected":false},"featured_media":2359,"comment_status":"open","ping_status":"closed","template":"","meta":{"_acf_changed":false,"_monsterinsights_skip_tracking":false,"_monsterinsights_sitenote_active":false,"_monsterinsights_sitenote_note":"","_monsterinsights_sitenote_category":0},"pwb-brand":[],"product_brand":[],"product_cat":[174,175],"product_tag":[176,177],"class_list":{"0":"post-2368","1":"product","2":"type-product","3":"status-publish","4":"has-post-thumbnail","6":"product_cat-aromaterapia","7":"product_cat-difusores-electricos","8":"product_tag-aromaterapia","9":"product_tag-difusores-electricos","11":"first","12":"outofstock","13":"taxable","14":"shipping-taxable","15":"purchasable","16":"product-type-simple"},"acf":[],"brands":[],"_links":{"self":[{"href":"https:\/\/www.lacasamagica.cl\/ventas\/wp-json\/wp\/v2\/product\/2368","targetHints":{"allow":["GET"]}}],"collection":[{"href":"https:\/\/www.lacasamagica.cl\/ventas\/wp-json\/wp\/v2\/product"}],"about":[{"href":"https:\/\/www.lacasamagica.cl\/ventas\/wp-json\/wp\/v2\/types\/product"}],"replies":[{"embeddable":true,"href":"https:\/\/www.lacasamagica.cl\/ventas\/wp-json\/wp\/v2\/comments?post=2368"}],"wp:featuredmedia":[{"embeddable":true,"href":"https:\/\/www.lacasamagica.cl\/ventas\/wp-json\/wp\/v2\/media\/2359"}],"wp:attachment":[{"href":"https:\/\/www.lacasamagica.cl\/ventas\/wp-json\/wp\/v2\/media?parent=2368"}],"wp:term":[{"taxonomy":"pwb-brand","embeddable":true,"href":"https:\/\/www.lacasamagica.cl\/ventas\/wp-json\/wp\/v2\/pwb-brand?post=2368"},{"taxonomy":"product_brand","embeddable":true,"href":"https:\/\/www.lacasamagica.cl\/ventas\/wp-json\/wp\/v2\/product_brand?post=2368"},{"taxonomy":"product_cat","embeddable":true,"href":"https:\/\/www.lacasamagica.cl\/ventas\/wp-json\/wp\/v2\/product_cat?post=2368"},{"taxonomy":"product_tag","embeddable":true,"href":"https:\/\/www.lacasamagica.cl\/ventas\/wp-json\/wp\/v2\/product_tag?post=2368"}],"curies":[{"name":"wp","href":"https:\/\/api.w.org\/{rel}","templated":true}]}}