{"id":2384,"date":"2020-06-21T05:58:19","date_gmt":"2020-06-21T08:58:19","guid":{"rendered":"https:\/\/www.lacasamagica.cl\/ventas\/?post_type=product&#038;p=2384"},"modified":"2021-01-15T13:02:08","modified_gmt":"2021-01-15T16:02:08","slug":"aromaterapia-difusores-a-vela-4063","status":"publish","type":"product","link":"https:\/\/www.lacasamagica.cl\/ventas\/producto\/aromaterapia-difusores-a-vela-4063\/","title":{"rendered":"Difusor de Aromaterapia de Elefante Gris"},"content":{"rendered":"<p>Los difusores de aromaterapia convierten la combinaci\u00f3n de agua y aceites esenciales en vapor que, junto con aromatizar el ambiente, ayudan a disminuir la tensi\u00f3n, mejorar el estado de \u00e1nimo y a despejar la mente.<\/p>\n<p>Los elefantes representan la prosperidad, brindan suerte, buena gobernaci\u00f3n para ejecutivos y protecci\u00f3n para sus due\u00f1os. Tambi\u00e9n son conocidos por llevarse los problemas lejos y por ser un s\u00edmbolo protector que auspicia buena suerte y excelente fortuna<\/p>\n<p>Una figura de elefantes macho y hembra con un bebe atrae suerte a las parejas que desean tener hijos.<\/p>\n<p>&nbsp;<\/p>\n","protected":false},"excerpt":{"rendered":"<p>Difusor de aromaterapia a vela color gris de cer\u00e1mica en forma de elefante.<\/p>\n","protected":false},"featured_media":2378,"comment_status":"open","ping_status":"closed","template":"","meta":{"_acf_changed":false,"_monsterinsights_skip_tracking":false,"_monsterinsights_sitenote_active":false,"_monsterinsights_sitenote_note":"","_monsterinsights_sitenote_category":0},"pwb-brand":[],"product_brand":[],"product_cat":[107,174,178,181],"product_tag":[176,179],"class_list":{"0":"post-2384","1":"product","2":"type-product","3":"status-publish","4":"has-post-thumbnail","6":"product_cat-animales","7":"product_cat-aromaterapia","8":"product_cat-difusores-a-vela","9":"product_cat-elefantes","10":"product_tag-aromaterapia","11":"product_tag-difusores-a-vela","13":"first","14":"outofstock","15":"taxable","16":"shipping-taxable","17":"purchasable","18":"product-type-simple"},"acf":[],"brands":[],"_links":{"self":[{"href":"https:\/\/www.lacasamagica.cl\/ventas\/wp-json\/wp\/v2\/product\/2384","targetHints":{"allow":["GET"]}}],"collection":[{"href":"https:\/\/www.lacasamagica.cl\/ventas\/wp-json\/wp\/v2\/product"}],"about":[{"href":"https:\/\/www.lacasamagica.cl\/ventas\/wp-json\/wp\/v2\/types\/product"}],"replies":[{"embeddable":true,"href":"https:\/\/www.lacasamagica.cl\/ventas\/wp-json\/wp\/v2\/comments?post=2384"}],"wp:featuredmedia":[{"embeddable":true,"href":"https:\/\/www.lacasamagica.cl\/ventas\/wp-json\/wp\/v2\/media\/2378"}],"wp:attachment":[{"href":"https:\/\/www.lacasamagica.cl\/ventas\/wp-json\/wp\/v2\/media?parent=2384"}],"wp:term":[{"taxonomy":"pwb-brand","embeddable":true,"href":"https:\/\/www.lacasamagica.cl\/ventas\/wp-json\/wp\/v2\/pwb-brand?post=2384"},{"taxonomy":"product_brand","embeddable":true,"href":"https:\/\/www.lacasamagica.cl\/ventas\/wp-json\/wp\/v2\/product_brand?post=2384"},{"taxonomy":"product_cat","embeddable":true,"href":"https:\/\/www.lacasamagica.cl\/ventas\/wp-json\/wp\/v2\/product_cat?post=2384"},{"taxonomy":"product_tag","embeddable":true,"href":"https:\/\/www.lacasamagica.cl\/ventas\/wp-json\/wp\/v2\/product_tag?post=2384"}],"curies":[{"name":"wp","href":"https:\/\/api.w.org\/{rel}","templated":true}]}}