{"id":2679,"date":"2020-07-04T22:07:47","date_gmt":"2020-07-05T01:07:47","guid":{"rendered":"https:\/\/www.lacasamagica.cl\/ventas\/producto\/1010100001417-web-png\/"},"modified":"2024-02-15T11:28:39","modified_gmt":"2024-02-15T14:28:39","slug":"1010100001417-web-png","status":"publish","type":"product","link":"https:\/\/www.lacasamagica.cl\/ventas\/producto\/1010100001417-web-png\/","title":{"rendered":"Medalla Dorada Virgen de Guadalupe"},"content":{"rendered":"<p>Virgen del amor y la compasi\u00f3n, da auxilio y defensa a todos quienes necesiten de su ayuda, la invoquen y conf\u00eden en ella. Oir\u00e1 sus lamentos y remediar\u00e1 todas sus miserias, penas y dolores.<\/p>\n","protected":false},"excerpt":{"rendered":"<p>Medalla de Virgen de Guadalupe.<\/p>\n","protected":false},"featured_media":2613,"comment_status":"open","ping_status":"closed","template":"","meta":{"_acf_changed":false,"_monsterinsights_skip_tracking":false,"_monsterinsights_sitenote_active":false,"_monsterinsights_sitenote_note":"","_monsterinsights_sitenote_category":0},"pwb-brand":[],"product_brand":[],"product_cat":[149,148,139],"product_tag":[],"class_list":{"0":"post-2679","1":"product","2":"type-product","3":"status-publish","4":"has-post-thumbnail","6":"product_cat-amuletos-y-talismanes","7":"product_cat-productos-esotericos","8":"product_cat-religioso","10":"first","11":"outofstock","12":"purchasable","13":"product-type-simple"},"acf":[],"brands":[],"_links":{"self":[{"href":"https:\/\/www.lacasamagica.cl\/ventas\/wp-json\/wp\/v2\/product\/2679","targetHints":{"allow":["GET"]}}],"collection":[{"href":"https:\/\/www.lacasamagica.cl\/ventas\/wp-json\/wp\/v2\/product"}],"about":[{"href":"https:\/\/www.lacasamagica.cl\/ventas\/wp-json\/wp\/v2\/types\/product"}],"replies":[{"embeddable":true,"href":"https:\/\/www.lacasamagica.cl\/ventas\/wp-json\/wp\/v2\/comments?post=2679"}],"wp:featuredmedia":[{"embeddable":true,"href":"https:\/\/www.lacasamagica.cl\/ventas\/wp-json\/wp\/v2\/media\/2613"}],"wp:attachment":[{"href":"https:\/\/www.lacasamagica.cl\/ventas\/wp-json\/wp\/v2\/media?parent=2679"}],"wp:term":[{"taxonomy":"pwb-brand","embeddable":true,"href":"https:\/\/www.lacasamagica.cl\/ventas\/wp-json\/wp\/v2\/pwb-brand?post=2679"},{"taxonomy":"product_brand","embeddable":true,"href":"https:\/\/www.lacasamagica.cl\/ventas\/wp-json\/wp\/v2\/product_brand?post=2679"},{"taxonomy":"product_cat","embeddable":true,"href":"https:\/\/www.lacasamagica.cl\/ventas\/wp-json\/wp\/v2\/product_cat?post=2679"},{"taxonomy":"product_tag","embeddable":true,"href":"https:\/\/www.lacasamagica.cl\/ventas\/wp-json\/wp\/v2\/product_tag?post=2679"}],"curies":[{"name":"wp","href":"https:\/\/api.w.org\/{rel}","templated":true}]}}