{"id":2688,"date":"2020-09-09T00:46:38","date_gmt":"2020-09-09T03:46:38","guid":{"rendered":"https:\/\/www.lacasamagica.cl\/ventas\/producto\/1010100002162-web-png\/"},"modified":"2025-06-13T19:37:13","modified_gmt":"2025-06-13T22:37:13","slug":"llamador-de-angeles-2","status":"publish","type":"product","link":"https:\/\/www.lacasamagica.cl\/ventas\/producto\/llamador-de-angeles-2\/","title":{"rendered":"Llamador de  Angeles"},"content":{"rendered":"<p>El Llamador de \u00c1ngeles es un hermoso talism\u00e1n en forma de esfera que al agitarlo emite un sonido armonioso y muy agradable, este sonido llama a nuestro \u00e1ngel gu\u00eda o \u00e1ngel de la guarda.<br \/>\nLe otorgan la facultad de proteger a quienes lo poseen y de favorecer bienestar, raz\u00f3n por la cual es muy usado por madres en periodo de gestaci\u00f3n como protecci\u00f3n. Es un s\u00edmbolo de paz y relajaci\u00f3n.<\/p>\n","protected":false},"excerpt":{"rendered":"<p>Llamador de \u00c1ngeles de metal. (El color de la campana de adentro puede variar)<\/p>\n","protected":false},"featured_media":2624,"comment_status":"open","ping_status":"closed","template":"","meta":{"_acf_changed":false,"_monsterinsights_skip_tracking":false,"_monsterinsights_sitenote_active":false,"_monsterinsights_sitenote_note":"","_monsterinsights_sitenote_category":0},"pwb-brand":[],"product_brand":[],"product_cat":[149,148],"product_tag":[],"class_list":{"0":"post-2688","1":"product","2":"type-product","3":"status-publish","4":"has-post-thumbnail","6":"product_cat-amuletos-y-talismanes","7":"product_cat-productos-esotericos","9":"first","10":"instock","11":"purchasable","12":"product-type-simple"},"acf":[],"brands":[],"_links":{"self":[{"href":"https:\/\/www.lacasamagica.cl\/ventas\/wp-json\/wp\/v2\/product\/2688","targetHints":{"allow":["GET"]}}],"collection":[{"href":"https:\/\/www.lacasamagica.cl\/ventas\/wp-json\/wp\/v2\/product"}],"about":[{"href":"https:\/\/www.lacasamagica.cl\/ventas\/wp-json\/wp\/v2\/types\/product"}],"replies":[{"embeddable":true,"href":"https:\/\/www.lacasamagica.cl\/ventas\/wp-json\/wp\/v2\/comments?post=2688"}],"wp:featuredmedia":[{"embeddable":true,"href":"https:\/\/www.lacasamagica.cl\/ventas\/wp-json\/wp\/v2\/media\/2624"}],"wp:attachment":[{"href":"https:\/\/www.lacasamagica.cl\/ventas\/wp-json\/wp\/v2\/media?parent=2688"}],"wp:term":[{"taxonomy":"pwb-brand","embeddable":true,"href":"https:\/\/www.lacasamagica.cl\/ventas\/wp-json\/wp\/v2\/pwb-brand?post=2688"},{"taxonomy":"product_brand","embeddable":true,"href":"https:\/\/www.lacasamagica.cl\/ventas\/wp-json\/wp\/v2\/product_brand?post=2688"},{"taxonomy":"product_cat","embeddable":true,"href":"https:\/\/www.lacasamagica.cl\/ventas\/wp-json\/wp\/v2\/product_cat?post=2688"},{"taxonomy":"product_tag","embeddable":true,"href":"https:\/\/www.lacasamagica.cl\/ventas\/wp-json\/wp\/v2\/product_tag?post=2688"}],"curies":[{"name":"wp","href":"https:\/\/api.w.org\/{rel}","templated":true}]}}