{"id":2697,"date":"2020-07-04T22:07:49","date_gmt":"2020-07-05T01:07:49","guid":{"rendered":"https:\/\/www.lacasamagica.cl\/ventas\/producto\/1010300000647-web-png\/"},"modified":"2022-02-07T11:58:27","modified_gmt":"2022-02-07T14:58:27","slug":"1010300000647-web-png","status":"publish","type":"product","link":"https:\/\/www.lacasamagica.cl\/ventas\/producto\/1010300000647-web-png\/","title":{"rendered":"Wo Lou Natural"},"content":{"rendered":"<p>El Wo Lou o Calabaza China es un s\u00edmbolo de salud, longevidad y vitalidad. Desde tiempos ancestrales es considerado como un s\u00edmbolo potente de sanaci\u00f3n y protecci\u00f3n. Se cree que tiene un elixir de larga vida o remedio milagroso que todo lo cura, siendo asociado con el Dios Sau, el dios de la longevidad.<\/p>\n<p>Se recomienda coloca cerca de la puerta de entrada para alejar la mala suerte y las enfermedades o cerca de la cama de personas enfermas.<\/p>\n","protected":false},"excerpt":{"rendered":"<p>Wo Lou o Calabaza Natural.<\/p>\n","protected":false},"featured_media":2545,"comment_status":"open","ping_status":"closed","template":"","meta":{"_acf_changed":false,"_monsterinsights_skip_tracking":false,"_monsterinsights_sitenote_active":false,"_monsterinsights_sitenote_note":"","_monsterinsights_sitenote_category":0},"pwb-brand":[],"product_brand":[],"product_cat":[159,185],"product_tag":[],"class_list":{"0":"post-2697","1":"product","2":"type-product","3":"status-publish","4":"has-post-thumbnail","6":"product_cat-feng-shui","7":"product_cat-otros-feng-shui","9":"first","10":"outofstock","11":"purchasable","12":"product-type-simple"},"acf":[],"brands":[],"_links":{"self":[{"href":"https:\/\/www.lacasamagica.cl\/ventas\/wp-json\/wp\/v2\/product\/2697","targetHints":{"allow":["GET"]}}],"collection":[{"href":"https:\/\/www.lacasamagica.cl\/ventas\/wp-json\/wp\/v2\/product"}],"about":[{"href":"https:\/\/www.lacasamagica.cl\/ventas\/wp-json\/wp\/v2\/types\/product"}],"replies":[{"embeddable":true,"href":"https:\/\/www.lacasamagica.cl\/ventas\/wp-json\/wp\/v2\/comments?post=2697"}],"wp:featuredmedia":[{"embeddable":true,"href":"https:\/\/www.lacasamagica.cl\/ventas\/wp-json\/wp\/v2\/media\/2545"}],"wp:attachment":[{"href":"https:\/\/www.lacasamagica.cl\/ventas\/wp-json\/wp\/v2\/media?parent=2697"}],"wp:term":[{"taxonomy":"pwb-brand","embeddable":true,"href":"https:\/\/www.lacasamagica.cl\/ventas\/wp-json\/wp\/v2\/pwb-brand?post=2697"},{"taxonomy":"product_brand","embeddable":true,"href":"https:\/\/www.lacasamagica.cl\/ventas\/wp-json\/wp\/v2\/product_brand?post=2697"},{"taxonomy":"product_cat","embeddable":true,"href":"https:\/\/www.lacasamagica.cl\/ventas\/wp-json\/wp\/v2\/product_cat?post=2697"},{"taxonomy":"product_tag","embeddable":true,"href":"https:\/\/www.lacasamagica.cl\/ventas\/wp-json\/wp\/v2\/product_tag?post=2697"}],"curies":[{"name":"wp","href":"https:\/\/api.w.org\/{rel}","templated":true}]}}