{"id":2699,"date":"2020-07-04T22:07:49","date_gmt":"2020-07-05T01:07:49","guid":{"rendered":"https:\/\/www.lacasamagica.cl\/ventas\/producto\/1010300000708-naranja-web-png\/"},"modified":"2025-04-11T12:39:42","modified_gmt":"2025-04-11T15:39:42","slug":"1010300000708-naranja-web-png","status":"publish","type":"product","link":"https:\/\/www.lacasamagica.cl\/ventas\/producto\/1010300000708-naranja-web-png\/","title":{"rendered":"Tortuga Caf\u00e9"},"content":{"rendered":"<p>La Tortuga en el feng shui es considerada unos de los cuatro animales celestiales y es el \u00fanico animal sagrado que a\u00fan existe. Tener una figura de tortuga trae buena suerte al hogar o la oficina, se la asocia con la longevidad por lo que favorece a la buena salud y la fertilidad. Adamas se usa para potenciar buenas energ\u00edas y como s\u00edmbolo de protecci\u00f3n.<\/p>\n","protected":false},"excerpt":{"rendered":"<p>Tortuga caf\u00e9 de cer\u00e1mica.<\/p>\n","protected":false},"featured_media":3047,"comment_status":"open","ping_status":"closed","template":"","meta":{"_acf_changed":false,"_monsterinsights_skip_tracking":false,"_monsterinsights_sitenote_active":false,"_monsterinsights_sitenote_note":"","_monsterinsights_sitenote_category":0},"pwb-brand":[],"product_brand":[],"product_cat":[107,159,185,187],"product_tag":[298,377,378,379,380],"class_list":{"0":"post-2699","1":"product","2":"type-product","3":"status-publish","4":"has-post-thumbnail","6":"product_cat-animales","7":"product_cat-feng-shui","8":"product_cat-otros-feng-shui","9":"product_cat-tortugas","10":"product_tag-fengshui","11":"product_tag-fertilidad","12":"product_tag-longevidad","13":"product_tag-salud","14":"product_tag-tortug","16":"first","17":"outofstock","18":"purchasable","19":"product-type-simple"},"acf":[],"brands":[],"_links":{"self":[{"href":"https:\/\/www.lacasamagica.cl\/ventas\/wp-json\/wp\/v2\/product\/2699","targetHints":{"allow":["GET"]}}],"collection":[{"href":"https:\/\/www.lacasamagica.cl\/ventas\/wp-json\/wp\/v2\/product"}],"about":[{"href":"https:\/\/www.lacasamagica.cl\/ventas\/wp-json\/wp\/v2\/types\/product"}],"replies":[{"embeddable":true,"href":"https:\/\/www.lacasamagica.cl\/ventas\/wp-json\/wp\/v2\/comments?post=2699"}],"wp:featuredmedia":[{"embeddable":true,"href":"https:\/\/www.lacasamagica.cl\/ventas\/wp-json\/wp\/v2\/media\/3047"}],"wp:attachment":[{"href":"https:\/\/www.lacasamagica.cl\/ventas\/wp-json\/wp\/v2\/media?parent=2699"}],"wp:term":[{"taxonomy":"pwb-brand","embeddable":true,"href":"https:\/\/www.lacasamagica.cl\/ventas\/wp-json\/wp\/v2\/pwb-brand?post=2699"},{"taxonomy":"product_brand","embeddable":true,"href":"https:\/\/www.lacasamagica.cl\/ventas\/wp-json\/wp\/v2\/product_brand?post=2699"},{"taxonomy":"product_cat","embeddable":true,"href":"https:\/\/www.lacasamagica.cl\/ventas\/wp-json\/wp\/v2\/product_cat?post=2699"},{"taxonomy":"product_tag","embeddable":true,"href":"https:\/\/www.lacasamagica.cl\/ventas\/wp-json\/wp\/v2\/product_tag?post=2699"}],"curies":[{"name":"wp","href":"https:\/\/api.w.org\/{rel}","templated":true}]}}