{"id":2710,"date":"2020-07-04T22:07:52","date_gmt":"2020-07-05T01:07:52","guid":{"rendered":"https:\/\/www.lacasamagica.cl\/ventas\/producto\/1010400000301-web-png\/"},"modified":"2025-10-06T13:49:26","modified_gmt":"2025-10-06T16:49:26","slug":"1010400000301-web-png","status":"publish","type":"product","link":"https:\/\/www.lacasamagica.cl\/ventas\/producto\/1010400000301-web-png\/","title":{"rendered":"Colgante Cruz con Cuarzo"},"content":{"rendered":"<p>El cristal de Cuarzo es uno de los minerales mas utilizados en la gemoterapia. Es el sanador y limpiador \u00a0mas poderoso, nos ayuda a auto curarnos y regenerarnos en todos los aspectos. Este cristal se puede usar como herramienta para equilibrar la energ\u00eda del cuerpo. Se utiliza como protecci\u00f3n en situaciones o ambientes peligrosos ya que es el mejor limpiador y neutralizador de energ\u00edas negativas.<\/p>\n","protected":false},"excerpt":{"rendered":"<p>Colgante de cruz peltre con punta de cuarzo.<\/p>\n","protected":false},"featured_media":2632,"comment_status":"open","ping_status":"closed","template":"","meta":{"_acf_changed":false,"_monsterinsights_skip_tracking":false,"_monsterinsights_sitenote_active":false,"_monsterinsights_sitenote_note":"","_monsterinsights_sitenote_category":0},"pwb-brand":[],"product_brand":[],"product_cat":[149,148,139],"product_tag":[266],"class_list":{"0":"post-2710","1":"product","2":"type-product","3":"status-publish","4":"has-post-thumbnail","6":"product_cat-amuletos-y-talismanes","7":"product_cat-productos-esotericos","8":"product_cat-religioso","9":"product_tag-capricornio","11":"first","12":"instock","13":"purchasable","14":"product-type-simple"},"acf":[],"brands":[],"_links":{"self":[{"href":"https:\/\/www.lacasamagica.cl\/ventas\/wp-json\/wp\/v2\/product\/2710","targetHints":{"allow":["GET"]}}],"collection":[{"href":"https:\/\/www.lacasamagica.cl\/ventas\/wp-json\/wp\/v2\/product"}],"about":[{"href":"https:\/\/www.lacasamagica.cl\/ventas\/wp-json\/wp\/v2\/types\/product"}],"replies":[{"embeddable":true,"href":"https:\/\/www.lacasamagica.cl\/ventas\/wp-json\/wp\/v2\/comments?post=2710"}],"wp:featuredmedia":[{"embeddable":true,"href":"https:\/\/www.lacasamagica.cl\/ventas\/wp-json\/wp\/v2\/media\/2632"}],"wp:attachment":[{"href":"https:\/\/www.lacasamagica.cl\/ventas\/wp-json\/wp\/v2\/media?parent=2710"}],"wp:term":[{"taxonomy":"pwb-brand","embeddable":true,"href":"https:\/\/www.lacasamagica.cl\/ventas\/wp-json\/wp\/v2\/pwb-brand?post=2710"},{"taxonomy":"product_brand","embeddable":true,"href":"https:\/\/www.lacasamagica.cl\/ventas\/wp-json\/wp\/v2\/product_brand?post=2710"},{"taxonomy":"product_cat","embeddable":true,"href":"https:\/\/www.lacasamagica.cl\/ventas\/wp-json\/wp\/v2\/product_cat?post=2710"},{"taxonomy":"product_tag","embeddable":true,"href":"https:\/\/www.lacasamagica.cl\/ventas\/wp-json\/wp\/v2\/product_tag?post=2710"}],"curies":[{"name":"wp","href":"https:\/\/api.w.org\/{rel}","templated":true}]}}