{"id":2746,"date":"2020-07-04T22:07:58","date_gmt":"2020-07-05T01:07:58","guid":{"rendered":"https:\/\/www.lacasamagica.cl\/ventas\/producto\/7000002765122-web-png\/"},"modified":"2021-02-14T00:23:25","modified_gmt":"2021-02-14T03:23:25","slug":"7000002765122-web-png","status":"publish","type":"product","link":"https:\/\/www.lacasamagica.cl\/ventas\/producto\/7000002765122-web-png\/","title":{"rendered":"Hombre \u00c1rbol"},"content":{"rendered":"<p>El b\u00faho es un estupendo amuleto que representa la sabidur\u00eda y se identifica con la inteligencia iluminadora. Nos protege del mal de ojo y de las energ\u00edas negativas, cortando la envidia y ayud\u00e1ndonos a resolver temas de \u00edndole econ\u00f3mico.<\/p>\n<p>Es excelente tener una imagen de este animal si se est\u00e1 trabajando en las comunicaciones o en el comercio.<\/p>\n<p>&nbsp;<\/p>\n","protected":false},"excerpt":{"rendered":"<p>Hombre \u00e1rbol con b\u00faho y libro<\/p>\n","protected":false},"featured_media":2533,"comment_status":"open","ping_status":"closed","template":"","meta":{"_acf_changed":false,"_monsterinsights_skip_tracking":false,"_monsterinsights_sitenote_active":false,"_monsterinsights_sitenote_note":"","_monsterinsights_sitenote_category":0},"pwb-brand":[],"product_brand":[],"product_cat":[107,111,106,38],"product_tag":[110,248,109,112],"class_list":{"0":"post-2746","1":"product","2":"type-product","3":"status-publish","4":"has-post-thumbnail","6":"product_cat-animales","7":"product_cat-buhos","8":"product_cat-otros-seres-magicos","9":"product_cat-seres-magicos","10":"product_tag-animales","11":"product_tag-arbol","12":"product_tag-buho","13":"product_tag-buhos","15":"first","16":"outofstock","17":"purchasable","18":"product-type-simple"},"acf":[],"brands":[],"_links":{"self":[{"href":"https:\/\/www.lacasamagica.cl\/ventas\/wp-json\/wp\/v2\/product\/2746","targetHints":{"allow":["GET"]}}],"collection":[{"href":"https:\/\/www.lacasamagica.cl\/ventas\/wp-json\/wp\/v2\/product"}],"about":[{"href":"https:\/\/www.lacasamagica.cl\/ventas\/wp-json\/wp\/v2\/types\/product"}],"replies":[{"embeddable":true,"href":"https:\/\/www.lacasamagica.cl\/ventas\/wp-json\/wp\/v2\/comments?post=2746"}],"wp:featuredmedia":[{"embeddable":true,"href":"https:\/\/www.lacasamagica.cl\/ventas\/wp-json\/wp\/v2\/media\/2533"}],"wp:attachment":[{"href":"https:\/\/www.lacasamagica.cl\/ventas\/wp-json\/wp\/v2\/media?parent=2746"}],"wp:term":[{"taxonomy":"pwb-brand","embeddable":true,"href":"https:\/\/www.lacasamagica.cl\/ventas\/wp-json\/wp\/v2\/pwb-brand?post=2746"},{"taxonomy":"product_brand","embeddable":true,"href":"https:\/\/www.lacasamagica.cl\/ventas\/wp-json\/wp\/v2\/product_brand?post=2746"},{"taxonomy":"product_cat","embeddable":true,"href":"https:\/\/www.lacasamagica.cl\/ventas\/wp-json\/wp\/v2\/product_cat?post=2746"},{"taxonomy":"product_tag","embeddable":true,"href":"https:\/\/www.lacasamagica.cl\/ventas\/wp-json\/wp\/v2\/product_tag?post=2746"}],"curies":[{"name":"wp","href":"https:\/\/api.w.org\/{rel}","templated":true}]}}