{"id":2757,"date":"2020-07-04T22:07:58","date_gmt":"2020-07-05T01:07:58","guid":{"rendered":"https:\/\/www.lacasamagica.cl\/ventas\/producto\/7805329570264-web-png\/"},"modified":"2021-10-08T11:39:36","modified_gmt":"2021-10-08T14:39:36","slug":"7805329570264-web-png","status":"publish","type":"product","link":"https:\/\/www.lacasamagica.cl\/ventas\/producto\/7805329570264-web-png\/","title":{"rendered":"Fuente de Agua de Siddhartha Blanco"},"content":{"rendered":"<p>El Feng Shui revela que el agua en movimiento de las fuentes de agua tiene la capacidad de acumular chi ben\u00e9fico que luego se irradia a toda la vivienda, favoreciendo a todos sus habitantes, adem\u00e1s, el agua es un elemento que purifica el aire y neutraliza la contaminaci\u00f3n. Tener una fuente de agua en el interior de la vivienda o lugares de trabajo provocan una excelente energ\u00eda que trae suerte, prosperidad y buenas oportunidades.<\/p>\n","protected":false},"excerpt":{"rendered":"<p>Fuente de agua Siddartha blanco con esfera vidrio y luces.<\/p>\n","protected":false},"featured_media":2583,"comment_status":"open","ping_status":"closed","template":"","meta":{"_acf_changed":false,"_monsterinsights_skip_tracking":false,"_monsterinsights_sitenote_active":false,"_monsterinsights_sitenote_note":"","_monsterinsights_sitenote_category":0},"pwb-brand":[],"product_brand":[],"product_cat":[56,157,165],"product_tag":[],"class_list":{"0":"post-2757","1":"product","2":"type-product","3":"status-publish","4":"has-post-thumbnail","6":"product_cat-budismo","7":"product_cat-fuentes-de-agua","8":"product_cat-siddhartha","10":"first","11":"outofstock","12":"purchasable","13":"product-type-simple"},"acf":[],"brands":[],"_links":{"self":[{"href":"https:\/\/www.lacasamagica.cl\/ventas\/wp-json\/wp\/v2\/product\/2757","targetHints":{"allow":["GET"]}}],"collection":[{"href":"https:\/\/www.lacasamagica.cl\/ventas\/wp-json\/wp\/v2\/product"}],"about":[{"href":"https:\/\/www.lacasamagica.cl\/ventas\/wp-json\/wp\/v2\/types\/product"}],"replies":[{"embeddable":true,"href":"https:\/\/www.lacasamagica.cl\/ventas\/wp-json\/wp\/v2\/comments?post=2757"}],"wp:featuredmedia":[{"embeddable":true,"href":"https:\/\/www.lacasamagica.cl\/ventas\/wp-json\/wp\/v2\/media\/2583"}],"wp:attachment":[{"href":"https:\/\/www.lacasamagica.cl\/ventas\/wp-json\/wp\/v2\/media?parent=2757"}],"wp:term":[{"taxonomy":"pwb-brand","embeddable":true,"href":"https:\/\/www.lacasamagica.cl\/ventas\/wp-json\/wp\/v2\/pwb-brand?post=2757"},{"taxonomy":"product_brand","embeddable":true,"href":"https:\/\/www.lacasamagica.cl\/ventas\/wp-json\/wp\/v2\/product_brand?post=2757"},{"taxonomy":"product_cat","embeddable":true,"href":"https:\/\/www.lacasamagica.cl\/ventas\/wp-json\/wp\/v2\/product_cat?post=2757"},{"taxonomy":"product_tag","embeddable":true,"href":"https:\/\/www.lacasamagica.cl\/ventas\/wp-json\/wp\/v2\/product_tag?post=2757"}],"curies":[{"name":"wp","href":"https:\/\/api.w.org\/{rel}","templated":true}]}}