{"id":3296,"date":"2020-09-09T00:46:35","date_gmt":"2020-09-09T03:46:35","guid":{"rendered":"https:\/\/www.lacasamagica.cl\/ventas\/producto\/medalla-virgen-de-guadalupe-verde\/"},"modified":"2025-06-05T15:09:18","modified_gmt":"2025-06-05T18:09:18","slug":"medalla-virgen-de-guadalupe-verde","status":"publish","type":"product","link":"https:\/\/www.lacasamagica.cl\/ventas\/producto\/medalla-virgen-de-guadalupe-verde\/","title":{"rendered":"Medalla Virgen de Guadalupe Verde"},"content":{"rendered":"<p>Virgen del amor y la compasi\u00f3n, da auxilio y defensa a todos quienes necesiten de su ayuda, la invoquen y conf\u00eden en ella. Oir\u00e1 sus lamentos y remediar\u00e1 todas sus miserias, penas y dolores.<\/p>\n","protected":false},"excerpt":{"rendered":"<p>Medalla Virgen de Guadalupe con oraci\u00f3n<\/p>\n","protected":false},"featured_media":3645,"comment_status":"closed","ping_status":"closed","template":"","meta":{"_acf_changed":false,"_monsterinsights_skip_tracking":false,"_monsterinsights_sitenote_active":false,"_monsterinsights_sitenote_note":"","_monsterinsights_sitenote_category":0},"pwb-brand":[],"product_brand":[],"product_cat":[149,148],"product_tag":[],"class_list":{"0":"post-3296","1":"product","2":"type-product","3":"status-publish","4":"has-post-thumbnail","6":"product_cat-amuletos-y-talismanes","7":"product_cat-productos-esotericos","9":"first","10":"instock","11":"purchasable","12":"product-type-simple"},"acf":[],"brands":[],"_links":{"self":[{"href":"https:\/\/www.lacasamagica.cl\/ventas\/wp-json\/wp\/v2\/product\/3296","targetHints":{"allow":["GET"]}}],"collection":[{"href":"https:\/\/www.lacasamagica.cl\/ventas\/wp-json\/wp\/v2\/product"}],"about":[{"href":"https:\/\/www.lacasamagica.cl\/ventas\/wp-json\/wp\/v2\/types\/product"}],"replies":[{"embeddable":true,"href":"https:\/\/www.lacasamagica.cl\/ventas\/wp-json\/wp\/v2\/comments?post=3296"}],"wp:featuredmedia":[{"embeddable":true,"href":"https:\/\/www.lacasamagica.cl\/ventas\/wp-json\/wp\/v2\/media\/3645"}],"wp:attachment":[{"href":"https:\/\/www.lacasamagica.cl\/ventas\/wp-json\/wp\/v2\/media?parent=3296"}],"wp:term":[{"taxonomy":"pwb-brand","embeddable":true,"href":"https:\/\/www.lacasamagica.cl\/ventas\/wp-json\/wp\/v2\/pwb-brand?post=3296"},{"taxonomy":"product_brand","embeddable":true,"href":"https:\/\/www.lacasamagica.cl\/ventas\/wp-json\/wp\/v2\/product_brand?post=3296"},{"taxonomy":"product_cat","embeddable":true,"href":"https:\/\/www.lacasamagica.cl\/ventas\/wp-json\/wp\/v2\/product_cat?post=3296"},{"taxonomy":"product_tag","embeddable":true,"href":"https:\/\/www.lacasamagica.cl\/ventas\/wp-json\/wp\/v2\/product_tag?post=3296"}],"curies":[{"name":"wp","href":"https:\/\/api.w.org\/{rel}","templated":true}]}}