{"id":3333,"date":"2020-09-09T00:46:41","date_gmt":"2020-09-09T03:46:41","guid":{"rendered":"https:\/\/www.lacasamagica.cl\/ventas\/producto\/mala-pulsera-de-jade\/"},"modified":"2025-06-05T13:24:17","modified_gmt":"2025-06-05T16:24:17","slug":"mala-pulsera-de-jade","status":"publish","type":"product","link":"https:\/\/www.lacasamagica.cl\/ventas\/producto\/mala-pulsera-de-jade\/","title":{"rendered":"Mala Pulsera de Jade"},"content":{"rendered":"<p>El Mala o Rosario es usado en la tradici\u00f3n budista principalmente en las escuelas tibetanas para la recitaci\u00f3n de mantras. Debe manejarse con respeto y cuidado. Se compone de 108 cuentas de diferentes materiales que unidas forman un collar que se coloca ya sea en el cuello o el brazo izquierdo. Presenta tres divisiones marcadas en cuentas de 27, 54 y 81 dividi\u00e9ndolo en cuatro partes exactas. Tiene una cuenta m\u00e1s grande llamada Guru que es donde inicia y termina el mala. Al final de esta mala pueden tener una serie de filamentos o dos cuentas una redonda y una cil\u00edndrica que representan la sabidur\u00eda de todos los Budas.<br \/>\nEL JADE<br \/>\nEl Jade es considerado como la piedra viva ya que tiene muchas propiedades curativas: regula afecciones del ri\u00f1\u00f3n, combate el cansancio, fatiga, ausencia de energ\u00eda y estr\u00e9s. Alivia dolores de espalda y ayuda a superar la depresi\u00f3n por causa de la perdida de seres queridos.<\/p>\n","protected":false},"excerpt":{"rendered":"<p>Mala Pulsera de Jade, contiene 27 cuentas<\/p>\n","protected":false},"featured_media":3604,"comment_status":"open","ping_status":"closed","template":"","meta":{"_acf_changed":false,"_monsterinsights_skip_tracking":false,"_monsterinsights_sitenote_active":false,"_monsterinsights_sitenote_note":"","_monsterinsights_sitenote_category":0},"pwb-brand":[],"product_brand":[],"product_cat":[56,100],"product_tag":[268],"class_list":{"0":"post-3333","1":"product","2":"type-product","3":"status-publish","4":"has-post-thumbnail","6":"product_cat-budismo","7":"product_cat-malas-tibetanos","8":"product_tag-piscis","10":"first","11":"instock","12":"purchasable","13":"product-type-simple"},"acf":[],"brands":[],"_links":{"self":[{"href":"https:\/\/www.lacasamagica.cl\/ventas\/wp-json\/wp\/v2\/product\/3333","targetHints":{"allow":["GET"]}}],"collection":[{"href":"https:\/\/www.lacasamagica.cl\/ventas\/wp-json\/wp\/v2\/product"}],"about":[{"href":"https:\/\/www.lacasamagica.cl\/ventas\/wp-json\/wp\/v2\/types\/product"}],"replies":[{"embeddable":true,"href":"https:\/\/www.lacasamagica.cl\/ventas\/wp-json\/wp\/v2\/comments?post=3333"}],"wp:featuredmedia":[{"embeddable":true,"href":"https:\/\/www.lacasamagica.cl\/ventas\/wp-json\/wp\/v2\/media\/3604"}],"wp:attachment":[{"href":"https:\/\/www.lacasamagica.cl\/ventas\/wp-json\/wp\/v2\/media?parent=3333"}],"wp:term":[{"taxonomy":"pwb-brand","embeddable":true,"href":"https:\/\/www.lacasamagica.cl\/ventas\/wp-json\/wp\/v2\/pwb-brand?post=3333"},{"taxonomy":"product_brand","embeddable":true,"href":"https:\/\/www.lacasamagica.cl\/ventas\/wp-json\/wp\/v2\/product_brand?post=3333"},{"taxonomy":"product_cat","embeddable":true,"href":"https:\/\/www.lacasamagica.cl\/ventas\/wp-json\/wp\/v2\/product_cat?post=3333"},{"taxonomy":"product_tag","embeddable":true,"href":"https:\/\/www.lacasamagica.cl\/ventas\/wp-json\/wp\/v2\/product_tag?post=3333"}],"curies":[{"name":"wp","href":"https:\/\/api.w.org\/{rel}","templated":true}]}}