{"id":3345,"date":"2020-09-09T00:46:44","date_gmt":"2020-09-09T03:46:44","guid":{"rendered":"https:\/\/www.lacasamagica.cl\/ventas\/producto\/malal-pulsera-de-onix\/"},"modified":"2025-06-05T13:20:41","modified_gmt":"2025-06-05T16:20:41","slug":"malal-pulsera-de-onix","status":"publish","type":"product","link":"https:\/\/www.lacasamagica.cl\/ventas\/producto\/malal-pulsera-de-onix\/","title":{"rendered":"Mala Pulsera de Onix"},"content":{"rendered":"<p>El Mala o Rosario es usado en la tradici\u00f3n budista principalmente en las escuelas tibetanas para la recitaci\u00f3n de mantras. Debe manejarse con respeto y cuidado. Se compone de 108 cuentas de diferentes materiales que unidas forman un collar que se coloca ya sea en el cuello o el brazo izquierdo. Presenta tres divisiones marcadas en cuentas de 27, 54 y 81 dividi\u00e9ndolo en cuatro partes exactas. Tiene una cuenta m\u00e1s grande llamada Guru que es donde inicia y termina el mala. Al final de esta mala pueden tener una serie de filamentos o dos cuentas una redonda y una cil\u00edndrica que representan la sabidur\u00eda de todos los Budas.<br \/>\nEL ONIX<br \/>\nEl \u00f3nix es una poderosa piedra de protecci\u00f3n, absorbe y transforma la energ\u00eda negativa en positiva ayud\u00e1ndote a estar en armon\u00eda con tu entorno. Promueve el vigor, la fuerza y la perseverancia especialmente cuando se necesita apoyo en momentos de estr\u00e9s, confusi\u00f3n o dolor.<\/p>\n","protected":false},"excerpt":{"rendered":"<p>Mala Pulsera de Onix, contiene 27 cuentas<\/p>\n","protected":false},"featured_media":3592,"comment_status":"open","ping_status":"closed","template":"","meta":{"_acf_changed":false,"_monsterinsights_skip_tracking":false,"_monsterinsights_sitenote_active":false,"_monsterinsights_sitenote_note":"","_monsterinsights_sitenote_category":0},"pwb-brand":[],"product_brand":[],"product_cat":[56,100],"product_tag":[261],"class_list":{"0":"post-3345","1":"product","2":"type-product","3":"status-publish","4":"has-post-thumbnail","6":"product_cat-budismo","7":"product_cat-malas-tibetanos","8":"product_tag-leo","10":"first","11":"instock","12":"purchasable","13":"product-type-simple"},"acf":[],"brands":[],"_links":{"self":[{"href":"https:\/\/www.lacasamagica.cl\/ventas\/wp-json\/wp\/v2\/product\/3345","targetHints":{"allow":["GET"]}}],"collection":[{"href":"https:\/\/www.lacasamagica.cl\/ventas\/wp-json\/wp\/v2\/product"}],"about":[{"href":"https:\/\/www.lacasamagica.cl\/ventas\/wp-json\/wp\/v2\/types\/product"}],"replies":[{"embeddable":true,"href":"https:\/\/www.lacasamagica.cl\/ventas\/wp-json\/wp\/v2\/comments?post=3345"}],"wp:featuredmedia":[{"embeddable":true,"href":"https:\/\/www.lacasamagica.cl\/ventas\/wp-json\/wp\/v2\/media\/3592"}],"wp:attachment":[{"href":"https:\/\/www.lacasamagica.cl\/ventas\/wp-json\/wp\/v2\/media?parent=3345"}],"wp:term":[{"taxonomy":"pwb-brand","embeddable":true,"href":"https:\/\/www.lacasamagica.cl\/ventas\/wp-json\/wp\/v2\/pwb-brand?post=3345"},{"taxonomy":"product_brand","embeddable":true,"href":"https:\/\/www.lacasamagica.cl\/ventas\/wp-json\/wp\/v2\/product_brand?post=3345"},{"taxonomy":"product_cat","embeddable":true,"href":"https:\/\/www.lacasamagica.cl\/ventas\/wp-json\/wp\/v2\/product_cat?post=3345"},{"taxonomy":"product_tag","embeddable":true,"href":"https:\/\/www.lacasamagica.cl\/ventas\/wp-json\/wp\/v2\/product_tag?post=3345"}],"curies":[{"name":"wp","href":"https:\/\/api.w.org\/{rel}","templated":true}]}}