{"id":3362,"date":"2020-09-09T00:46:47","date_gmt":"2020-09-09T03:46:47","guid":{"rendered":"https:\/\/www.lacasamagica.cl\/ventas\/producto\/crotalo\/"},"modified":"2026-02-12T14:35:05","modified_gmt":"2026-02-12T17:35:05","slug":"crotalo","status":"publish","type":"product","link":"https:\/\/www.lacasamagica.cl\/ventas\/producto\/crotalo\/","title":{"rendered":"Cr\u00f3talo"},"content":{"rendered":"<p>Los Crotalos o Thingsha Los armoniosos C\u00edmbalos de meditaci\u00f3n tibetanos al entrechocar inmediatamente suenan como un eco dentro del ser humano. Son utilizados en rituales budistas, ofrendas, clases de yoga, meditaci\u00f3n, terapia de sonido y para limpiar la energ\u00eda presente en lugares y abrirla en los cuatro costados. Es una forma de limpiar cuando no es posible quemar sahumerios.<\/p>\n","protected":false},"excerpt":{"rendered":"<p>Crotalos o thingsha con simbolos auspiciosos del tibet<\/p>\n","protected":false},"featured_media":3572,"comment_status":"open","ping_status":"closed","template":"","meta":{"_acf_changed":false,"_monsterinsights_skip_tracking":false,"_monsterinsights_sitenote_active":false,"_monsterinsights_sitenote_note":"","_monsterinsights_sitenote_category":0},"pwb-brand":[],"product_brand":[],"product_cat":[56,98],"product_tag":[],"class_list":{"0":"post-3362","1":"product","2":"type-product","3":"status-publish","4":"has-post-thumbnail","6":"product_cat-budismo","7":"product_cat-dorjes-vajra","9":"first","10":"outofstock","11":"purchasable","12":"product-type-simple"},"acf":[],"brands":[],"_links":{"self":[{"href":"https:\/\/www.lacasamagica.cl\/ventas\/wp-json\/wp\/v2\/product\/3362","targetHints":{"allow":["GET"]}}],"collection":[{"href":"https:\/\/www.lacasamagica.cl\/ventas\/wp-json\/wp\/v2\/product"}],"about":[{"href":"https:\/\/www.lacasamagica.cl\/ventas\/wp-json\/wp\/v2\/types\/product"}],"replies":[{"embeddable":true,"href":"https:\/\/www.lacasamagica.cl\/ventas\/wp-json\/wp\/v2\/comments?post=3362"}],"wp:featuredmedia":[{"embeddable":true,"href":"https:\/\/www.lacasamagica.cl\/ventas\/wp-json\/wp\/v2\/media\/3572"}],"wp:attachment":[{"href":"https:\/\/www.lacasamagica.cl\/ventas\/wp-json\/wp\/v2\/media?parent=3362"}],"wp:term":[{"taxonomy":"pwb-brand","embeddable":true,"href":"https:\/\/www.lacasamagica.cl\/ventas\/wp-json\/wp\/v2\/pwb-brand?post=3362"},{"taxonomy":"product_brand","embeddable":true,"href":"https:\/\/www.lacasamagica.cl\/ventas\/wp-json\/wp\/v2\/product_brand?post=3362"},{"taxonomy":"product_cat","embeddable":true,"href":"https:\/\/www.lacasamagica.cl\/ventas\/wp-json\/wp\/v2\/product_cat?post=3362"},{"taxonomy":"product_tag","embeddable":true,"href":"https:\/\/www.lacasamagica.cl\/ventas\/wp-json\/wp\/v2\/product_tag?post=3362"}],"curies":[{"name":"wp","href":"https:\/\/api.w.org\/{rel}","templated":true}]}}