{"id":3376,"date":"2020-09-09T00:46:47","date_gmt":"2020-09-09T03:46:47","guid":{"rendered":"https:\/\/www.lacasamagica.cl\/ventas\/producto\/phurba-con-ganesha\/"},"modified":"2023-03-24T17:46:03","modified_gmt":"2023-03-24T20:46:03","slug":"phurba-con-ganesha","status":"publish","type":"product","link":"https:\/\/www.lacasamagica.cl\/ventas\/producto\/phurba-con-ganesha\/","title":{"rendered":"Phurba con Ganesha"},"content":{"rendered":"<p>La Phurba es una poderosa arma que somete a los malos esp\u00edritus y energ\u00edas negativas transform\u00e1ndolas en positivas.<br \/>\nLa daga simboliza la destrucci\u00f3n del enemigo visible e invisible de este y otros planos. Y nos ayuda abrir los caminos para conseguir nuestras metas. Ganesha es el Dios de la buena suerte, sabidur\u00eda y sensatez. Elimina todos los obst\u00e1culos de nuestro camino ya sea material o espiritual y protege el ambiente de negatividad violencia y envidia. Trae suerte en los negocios y a los viajeros.<\/p>\n","protected":false},"excerpt":{"rendered":"<p>Colgante de phurba con Ganesha<\/p>\n","protected":false},"featured_media":3553,"comment_status":"closed","ping_status":"closed","template":"","meta":{"_acf_changed":false,"_monsterinsights_skip_tracking":false,"_monsterinsights_sitenote_active":false,"_monsterinsights_sitenote_note":"","_monsterinsights_sitenote_category":0},"pwb-brand":[],"product_brand":[],"product_cat":[213,52],"product_tag":[313,302,307,304,303,300,299,156,314],"class_list":{"0":"post-3376","1":"product","2":"type-product","3":"status-publish","4":"has-post-thumbnail","6":"product_cat-ganesha","7":"product_cat-hinduismo","8":"product_tag-dios-elefante","9":"product_tag-dios-hinduista","10":"product_tag-diosa-hindu","11":"product_tag-ganapati","12":"product_tag-ganesa","13":"product_tag-ganesh","14":"product_tag-ganesha","15":"product_tag-hinduismo","16":"product_tag-phurba","18":"first","19":"instock","20":"purchasable","21":"product-type-simple"},"acf":[],"brands":[],"_links":{"self":[{"href":"https:\/\/www.lacasamagica.cl\/ventas\/wp-json\/wp\/v2\/product\/3376","targetHints":{"allow":["GET"]}}],"collection":[{"href":"https:\/\/www.lacasamagica.cl\/ventas\/wp-json\/wp\/v2\/product"}],"about":[{"href":"https:\/\/www.lacasamagica.cl\/ventas\/wp-json\/wp\/v2\/types\/product"}],"replies":[{"embeddable":true,"href":"https:\/\/www.lacasamagica.cl\/ventas\/wp-json\/wp\/v2\/comments?post=3376"}],"wp:featuredmedia":[{"embeddable":true,"href":"https:\/\/www.lacasamagica.cl\/ventas\/wp-json\/wp\/v2\/media\/3553"}],"wp:attachment":[{"href":"https:\/\/www.lacasamagica.cl\/ventas\/wp-json\/wp\/v2\/media?parent=3376"}],"wp:term":[{"taxonomy":"pwb-brand","embeddable":true,"href":"https:\/\/www.lacasamagica.cl\/ventas\/wp-json\/wp\/v2\/pwb-brand?post=3376"},{"taxonomy":"product_brand","embeddable":true,"href":"https:\/\/www.lacasamagica.cl\/ventas\/wp-json\/wp\/v2\/product_brand?post=3376"},{"taxonomy":"product_cat","embeddable":true,"href":"https:\/\/www.lacasamagica.cl\/ventas\/wp-json\/wp\/v2\/product_cat?post=3376"},{"taxonomy":"product_tag","embeddable":true,"href":"https:\/\/www.lacasamagica.cl\/ventas\/wp-json\/wp\/v2\/product_tag?post=3376"}],"curies":[{"name":"wp","href":"https:\/\/api.w.org\/{rel}","templated":true}]}}