{"id":3452,"date":"2020-09-09T00:47:01","date_gmt":"2020-09-09T03:47:01","guid":{"rendered":"https:\/\/www.lacasamagica.cl\/ventas\/producto\/medalla-del-arcangel-miguel\/"},"modified":"2025-06-05T14:57:19","modified_gmt":"2025-06-05T17:57:19","slug":"medalla-del-arcangel-miguel","status":"publish","type":"product","link":"https:\/\/www.lacasamagica.cl\/ventas\/producto\/medalla-del-arcangel-miguel\/","title":{"rendered":"Medalla del Arcangel Miguel"},"content":{"rendered":"<p>El arc\u00e1ngel Miguel es el m\u00e1s poderoso de todos los arc\u00e1ngeles, el l\u00edder de los ej\u00e9rcitos de los \u00e1ngeles. Combate el mal y expulsa la maldad de todo tipo, rompe trabas y abre caminos.<\/p>\n","protected":false},"excerpt":{"rendered":"<p>Medalla del Arcangel Miguel<\/p>\n","protected":false},"featured_media":3656,"comment_status":"closed","ping_status":"closed","template":"","meta":{"_acf_changed":false,"_monsterinsights_skip_tracking":false,"_monsterinsights_sitenote_active":false,"_monsterinsights_sitenote_note":"","_monsterinsights_sitenote_category":0},"pwb-brand":[],"product_brand":[],"product_cat":[149,148],"product_tag":[138,354,352,355,353,132],"class_list":{"0":"post-3452","1":"product","2":"type-product","3":"status-publish","4":"has-post-thumbnail","6":"product_cat-amuletos-y-talismanes","7":"product_cat-productos-esotericos","8":"product_tag-angeles","9":"product_tag-arcangel","10":"product_tag-proteccion","11":"product_tag-querubines","12":"product_tag-seres-celestiales","13":"product_tag-seres-magicos","15":"first","16":"instock","17":"purchasable","18":"product-type-simple"},"acf":[],"brands":[],"_links":{"self":[{"href":"https:\/\/www.lacasamagica.cl\/ventas\/wp-json\/wp\/v2\/product\/3452","targetHints":{"allow":["GET"]}}],"collection":[{"href":"https:\/\/www.lacasamagica.cl\/ventas\/wp-json\/wp\/v2\/product"}],"about":[{"href":"https:\/\/www.lacasamagica.cl\/ventas\/wp-json\/wp\/v2\/types\/product"}],"replies":[{"embeddable":true,"href":"https:\/\/www.lacasamagica.cl\/ventas\/wp-json\/wp\/v2\/comments?post=3452"}],"wp:featuredmedia":[{"embeddable":true,"href":"https:\/\/www.lacasamagica.cl\/ventas\/wp-json\/wp\/v2\/media\/3656"}],"wp:attachment":[{"href":"https:\/\/www.lacasamagica.cl\/ventas\/wp-json\/wp\/v2\/media?parent=3452"}],"wp:term":[{"taxonomy":"pwb-brand","embeddable":true,"href":"https:\/\/www.lacasamagica.cl\/ventas\/wp-json\/wp\/v2\/pwb-brand?post=3452"},{"taxonomy":"product_brand","embeddable":true,"href":"https:\/\/www.lacasamagica.cl\/ventas\/wp-json\/wp\/v2\/product_brand?post=3452"},{"taxonomy":"product_cat","embeddable":true,"href":"https:\/\/www.lacasamagica.cl\/ventas\/wp-json\/wp\/v2\/product_cat?post=3452"},{"taxonomy":"product_tag","embeddable":true,"href":"https:\/\/www.lacasamagica.cl\/ventas\/wp-json\/wp\/v2\/product_tag?post=3452"}],"curies":[{"name":"wp","href":"https:\/\/api.w.org\/{rel}","templated":true}]}}