{"id":4002,"date":"2020-10-04T15:16:08","date_gmt":"2020-10-04T18:16:08","guid":{"rendered":"https:\/\/www.lacasamagica.cl\/ventas\/producto\/fuente-de-agua-de-ganesha\/"},"modified":"2021-04-02T13:37:31","modified_gmt":"2021-04-02T16:37:31","slug":"fuente-de-agua-de-ganesha","status":"publish","type":"product","link":"https:\/\/www.lacasamagica.cl\/ventas\/producto\/fuente-de-agua-de-ganesha\/","title":{"rendered":"Fuente de Agua de Ganesha"},"content":{"rendered":"<p>El Feng Shui revela que el agua en movimiento de las fuentes de agua tiene la capacidad de acumular chi ben\u00e9fico que luego se irradia a toda la vivienda, favoreciendo a todos sus habitantes, adem\u00e1s, el agua es un elemento que purifica el aire y neutraliza la contaminaci\u00f3n. Tener una fuente de agua en el interior de la vivienda o lugares de trabajo provocan una excelente energ\u00eda que trae suerte, prosperidad y buenas oportunidades.<\/p>\n<p>Ganesha es el Dios de la buena suerte, sabidur\u00eda y sensatez. Elimina todos los obst\u00e1culos de nuestro camino ya sea material o espiritual y protege el ambiente de negatividad violencia y envidia. Trae suerte en los negocios y a los viajeros.<\/p>\n","protected":false},"excerpt":{"rendered":"<p>Fuente de Agua de Ganesha dorada con altar<\/p>\n","protected":false},"featured_media":3788,"comment_status":"open","ping_status":"closed","template":"","meta":{"_acf_changed":false,"_monsterinsights_skip_tracking":false,"_monsterinsights_sitenote_active":false,"_monsterinsights_sitenote_note":"","_monsterinsights_sitenote_category":0},"pwb-brand":[],"product_brand":[],"product_cat":[157],"product_tag":[],"class_list":{"0":"post-4002","1":"product","2":"type-product","3":"status-publish","4":"has-post-thumbnail","6":"product_cat-fuentes-de-agua","8":"first","9":"outofstock","10":"purchasable","11":"product-type-simple"},"acf":[],"brands":[],"_links":{"self":[{"href":"https:\/\/www.lacasamagica.cl\/ventas\/wp-json\/wp\/v2\/product\/4002","targetHints":{"allow":["GET"]}}],"collection":[{"href":"https:\/\/www.lacasamagica.cl\/ventas\/wp-json\/wp\/v2\/product"}],"about":[{"href":"https:\/\/www.lacasamagica.cl\/ventas\/wp-json\/wp\/v2\/types\/product"}],"replies":[{"embeddable":true,"href":"https:\/\/www.lacasamagica.cl\/ventas\/wp-json\/wp\/v2\/comments?post=4002"}],"wp:featuredmedia":[{"embeddable":true,"href":"https:\/\/www.lacasamagica.cl\/ventas\/wp-json\/wp\/v2\/media\/3788"}],"wp:attachment":[{"href":"https:\/\/www.lacasamagica.cl\/ventas\/wp-json\/wp\/v2\/media?parent=4002"}],"wp:term":[{"taxonomy":"pwb-brand","embeddable":true,"href":"https:\/\/www.lacasamagica.cl\/ventas\/wp-json\/wp\/v2\/pwb-brand?post=4002"},{"taxonomy":"product_brand","embeddable":true,"href":"https:\/\/www.lacasamagica.cl\/ventas\/wp-json\/wp\/v2\/product_brand?post=4002"},{"taxonomy":"product_cat","embeddable":true,"href":"https:\/\/www.lacasamagica.cl\/ventas\/wp-json\/wp\/v2\/product_cat?post=4002"},{"taxonomy":"product_tag","embeddable":true,"href":"https:\/\/www.lacasamagica.cl\/ventas\/wp-json\/wp\/v2\/product_tag?post=4002"}],"curies":[{"name":"wp","href":"https:\/\/api.w.org\/{rel}","templated":true}]}}