{"id":4004,"date":"2020-10-04T15:16:08","date_gmt":"2020-10-04T18:16:08","guid":{"rendered":"https:\/\/www.lacasamagica.cl\/ventas\/producto\/fuente-de-agua-de-angel-resando\/"},"modified":"2024-12-28T11:54:32","modified_gmt":"2024-12-28T14:54:32","slug":"fuente-de-agua-de-angel-resando","status":"publish","type":"product","link":"https:\/\/www.lacasamagica.cl\/ventas\/producto\/fuente-de-agua-de-angel-resando\/","title":{"rendered":"Fuente de Agua de \u00c1ngel Resando"},"content":{"rendered":"<p>El Feng Shui revela que el agua en movimiento de las fuentes de agua tiene la capacidad de acumular chi ben\u00e9fico que luego se irradia a toda la vivienda, favoreciendo a todos sus habitantes, adem\u00e1s, el agua es un elemento que purifica el aire y neutraliza la contaminaci\u00f3n. Tener una fuente de agua en el interior de la vivienda o lugares de trabajo provocan una excelente energ\u00eda que trae suerte, prosperidad y buenas oportunidades.<\/p>\n<p>Los \u00c1ngeles son seres espirituales perfectos que median amorosamente ente Dios y la humanidad, se comunican con nosotros de modo directo y pueden hablarnos de dos maneras: por medio de se\u00f1ales que hemos de ser capaces de interpretar y a trav\u00e9s de la voz interior que no se entienden con la cabeza sino con el coraz\u00f3n. Todos nosotros tenemos un \u00c1ngel Guardian que debemos activarlo para nuestro bienestar.<\/p>\n","protected":false},"excerpt":{"rendered":"<p>El Feng Shui revela que el agua en movimiento de las fuentes de agua tiene la capacidad de acumular chi ben\u00e9fico que luego se irradia a toda la vivienda, favoreciendo a todos sus habitantes, adem\u00e1s, el agua es un elemento que purifica el aire y neutraliza la contaminaci\u00f3n. Tener una fuente de agua en el [&hellip;]<\/p>\n","protected":false},"featured_media":3786,"comment_status":"open","ping_status":"closed","template":"","meta":{"_acf_changed":false,"_monsterinsights_skip_tracking":false,"_monsterinsights_sitenote_active":false,"_monsterinsights_sitenote_note":"","_monsterinsights_sitenote_category":0},"pwb-brand":[],"product_brand":[],"product_cat":[157],"product_tag":[138,354,357,298,318,316,352,355,353,356],"class_list":{"0":"post-4004","1":"product","2":"type-product","3":"status-publish","4":"has-post-thumbnail","6":"product_cat-fuentes-de-agua","7":"product_tag-angeles","8":"product_tag-arcangel","9":"product_tag-energia","10":"product_tag-fengshui","11":"product_tag-fuente-de-agua","12":"product_tag-pileta","13":"product_tag-proteccion","14":"product_tag-querubines","15":"product_tag-seres-celestiales","16":"product_tag-sonido-de-agua","18":"first","19":"outofstock","20":"purchasable","21":"product-type-simple"},"acf":[],"brands":[],"_links":{"self":[{"href":"https:\/\/www.lacasamagica.cl\/ventas\/wp-json\/wp\/v2\/product\/4004","targetHints":{"allow":["GET"]}}],"collection":[{"href":"https:\/\/www.lacasamagica.cl\/ventas\/wp-json\/wp\/v2\/product"}],"about":[{"href":"https:\/\/www.lacasamagica.cl\/ventas\/wp-json\/wp\/v2\/types\/product"}],"replies":[{"embeddable":true,"href":"https:\/\/www.lacasamagica.cl\/ventas\/wp-json\/wp\/v2\/comments?post=4004"}],"wp:featuredmedia":[{"embeddable":true,"href":"https:\/\/www.lacasamagica.cl\/ventas\/wp-json\/wp\/v2\/media\/3786"}],"wp:attachment":[{"href":"https:\/\/www.lacasamagica.cl\/ventas\/wp-json\/wp\/v2\/media?parent=4004"}],"wp:term":[{"taxonomy":"pwb-brand","embeddable":true,"href":"https:\/\/www.lacasamagica.cl\/ventas\/wp-json\/wp\/v2\/pwb-brand?post=4004"},{"taxonomy":"product_brand","embeddable":true,"href":"https:\/\/www.lacasamagica.cl\/ventas\/wp-json\/wp\/v2\/product_brand?post=4004"},{"taxonomy":"product_cat","embeddable":true,"href":"https:\/\/www.lacasamagica.cl\/ventas\/wp-json\/wp\/v2\/product_cat?post=4004"},{"taxonomy":"product_tag","embeddable":true,"href":"https:\/\/www.lacasamagica.cl\/ventas\/wp-json\/wp\/v2\/product_tag?post=4004"}],"curies":[{"name":"wp","href":"https:\/\/api.w.org\/{rel}","templated":true}]}}