{"id":4208,"date":"2020-10-24T20:48:08","date_gmt":"2020-10-24T23:48:08","guid":{"rendered":"https:\/\/www.lacasamagica.cl\/ventas\/producto\/gnomo-con-bototo\/"},"modified":"2024-02-15T11:29:26","modified_gmt":"2024-02-15T14:29:26","slug":"gnomo-con-bototo","status":"publish","type":"product","link":"https:\/\/www.lacasamagica.cl\/ventas\/producto\/gnomo-con-bototo\/","title":{"rendered":"Gnomo con Bototo"},"content":{"rendered":"<p>Los gnomos son criaturas legendarias, genios elementales de la tierra, en cuyas entra\u00f1as moran trabajando y custodiando los tesoros subterr\u00e1neos. Adquiere un gnomo y cuidar\u00e1 de tu trabajo, tu casa y tus m\u00e1s preciados tesoros.<\/p>\n","protected":false},"excerpt":{"rendered":"<p>Gnomo sentado en bototo leyendo<\/p>\n","protected":false},"featured_media":4178,"comment_status":"open","ping_status":"closed","template":"","meta":{"_acf_changed":false,"_monsterinsights_skip_tracking":false,"_monsterinsights_sitenote_active":false,"_monsterinsights_sitenote_note":"","_monsterinsights_sitenote_category":0},"pwb-brand":[],"product_brand":[],"product_cat":[104,38],"product_tag":[392,372,391,394,371,370,393,374],"class_list":{"0":"post-4208","1":"product","2":"type-product","3":"status-publish","4":"has-post-thumbnail","6":"product_cat-gnomos","7":"product_cat-seres-magicos","8":"product_tag-blanca-nieves","9":"product_tag-duende","10":"product_tag-duendecillo","11":"product_tag-elfo","12":"product_tag-enano","13":"product_tag-gnomo","14":"product_tag-jardin","15":"product_tag-nomo","17":"first","18":"outofstock","19":"purchasable","20":"product-type-simple"},"acf":[],"brands":[],"_links":{"self":[{"href":"https:\/\/www.lacasamagica.cl\/ventas\/wp-json\/wp\/v2\/product\/4208","targetHints":{"allow":["GET"]}}],"collection":[{"href":"https:\/\/www.lacasamagica.cl\/ventas\/wp-json\/wp\/v2\/product"}],"about":[{"href":"https:\/\/www.lacasamagica.cl\/ventas\/wp-json\/wp\/v2\/types\/product"}],"replies":[{"embeddable":true,"href":"https:\/\/www.lacasamagica.cl\/ventas\/wp-json\/wp\/v2\/comments?post=4208"}],"wp:featuredmedia":[{"embeddable":true,"href":"https:\/\/www.lacasamagica.cl\/ventas\/wp-json\/wp\/v2\/media\/4178"}],"wp:attachment":[{"href":"https:\/\/www.lacasamagica.cl\/ventas\/wp-json\/wp\/v2\/media?parent=4208"}],"wp:term":[{"taxonomy":"pwb-brand","embeddable":true,"href":"https:\/\/www.lacasamagica.cl\/ventas\/wp-json\/wp\/v2\/pwb-brand?post=4208"},{"taxonomy":"product_brand","embeddable":true,"href":"https:\/\/www.lacasamagica.cl\/ventas\/wp-json\/wp\/v2\/product_brand?post=4208"},{"taxonomy":"product_cat","embeddable":true,"href":"https:\/\/www.lacasamagica.cl\/ventas\/wp-json\/wp\/v2\/product_cat?post=4208"},{"taxonomy":"product_tag","embeddable":true,"href":"https:\/\/www.lacasamagica.cl\/ventas\/wp-json\/wp\/v2\/product_tag?post=4208"}],"curies":[{"name":"wp","href":"https:\/\/api.w.org\/{rel}","templated":true}]}}