{"id":4218,"date":"2020-10-24T20:48:08","date_gmt":"2020-10-24T23:48:08","guid":{"rendered":"https:\/\/www.lacasamagica.cl\/ventas\/producto\/velas-arcangel-miguel\/"},"modified":"2021-12-14T11:51:11","modified_gmt":"2021-12-14T14:51:11","slug":"velas-arcangel-miguel","status":"publish","type":"product","link":"https:\/\/www.lacasamagica.cl\/ventas\/producto\/velas-arcangel-miguel\/","title":{"rendered":"Velas Arcangel Miguel"},"content":{"rendered":"<p>El arc\u00e1ngel Miguel es el m\u00e1s poderoso de todos los arc\u00e1ngeles, el l\u00edder de los ej\u00e9rcitos de los \u00e1ngeles. Combate el mal y expulsa la maldad de todo tipo, rompe trabas y abre caminos.<br \/>\nColor de vela: azul<br \/>\nD\u00eda: domingo<\/p>\n","protected":false},"excerpt":{"rendered":"<p>Set de cuatro velas<\/p>\n","protected":false},"featured_media":4203,"comment_status":"closed","ping_status":"closed","template":"","meta":{"_acf_changed":false,"_monsterinsights_skip_tracking":false,"_monsterinsights_sitenote_active":false,"_monsterinsights_sitenote_note":"","_monsterinsights_sitenote_category":0},"pwb-brand":[],"product_brand":[],"product_cat":[148,201],"product_tag":[],"class_list":{"0":"post-4218","1":"product","2":"type-product","3":"status-publish","4":"has-post-thumbnail","6":"product_cat-productos-esotericos","7":"product_cat-velas","9":"first","10":"outofstock","11":"purchasable","12":"product-type-simple"},"acf":[],"brands":[],"_links":{"self":[{"href":"https:\/\/www.lacasamagica.cl\/ventas\/wp-json\/wp\/v2\/product\/4218","targetHints":{"allow":["GET"]}}],"collection":[{"href":"https:\/\/www.lacasamagica.cl\/ventas\/wp-json\/wp\/v2\/product"}],"about":[{"href":"https:\/\/www.lacasamagica.cl\/ventas\/wp-json\/wp\/v2\/types\/product"}],"replies":[{"embeddable":true,"href":"https:\/\/www.lacasamagica.cl\/ventas\/wp-json\/wp\/v2\/comments?post=4218"}],"wp:featuredmedia":[{"embeddable":true,"href":"https:\/\/www.lacasamagica.cl\/ventas\/wp-json\/wp\/v2\/media\/4203"}],"wp:attachment":[{"href":"https:\/\/www.lacasamagica.cl\/ventas\/wp-json\/wp\/v2\/media?parent=4218"}],"wp:term":[{"taxonomy":"pwb-brand","embeddable":true,"href":"https:\/\/www.lacasamagica.cl\/ventas\/wp-json\/wp\/v2\/pwb-brand?post=4218"},{"taxonomy":"product_brand","embeddable":true,"href":"https:\/\/www.lacasamagica.cl\/ventas\/wp-json\/wp\/v2\/product_brand?post=4218"},{"taxonomy":"product_cat","embeddable":true,"href":"https:\/\/www.lacasamagica.cl\/ventas\/wp-json\/wp\/v2\/product_cat?post=4218"},{"taxonomy":"product_tag","embeddable":true,"href":"https:\/\/www.lacasamagica.cl\/ventas\/wp-json\/wp\/v2\/product_tag?post=4218"}],"curies":[{"name":"wp","href":"https:\/\/api.w.org\/{rel}","templated":true}]}}