{"id":4219,"date":"2020-10-24T20:48:08","date_gmt":"2020-10-24T23:48:08","guid":{"rendered":"https:\/\/www.lacasamagica.cl\/ventas\/producto\/gnomo-welcome-friends\/"},"modified":"2021-03-23T21:47:03","modified_gmt":"2021-03-24T00:47:03","slug":"gnomo-welcome-friends","status":"publish","type":"product","link":"https:\/\/www.lacasamagica.cl\/ventas\/producto\/gnomo-welcome-friends\/","title":{"rendered":"Gnomo Welcome Friends"},"content":{"rendered":"<p>Los gnomos son criaturas legendarias, genios elementales de la tierra, en cuyas entra\u00f1as moran trabajando y custodiando los tesoros subterr\u00e1neos. Adquiere un gnomo y cuidar\u00e1 de tu trabajo, tu casa y tus m\u00e1s preciados tesoros.<\/p>\n","protected":false},"excerpt":{"rendered":"<p>Gnomo apoyado en Cartel<\/p>\n","protected":false},"featured_media":4175,"comment_status":"open","ping_status":"closed","template":"","meta":{"_acf_changed":false,"_monsterinsights_skip_tracking":false,"_monsterinsights_sitenote_active":false,"_monsterinsights_sitenote_note":"","_monsterinsights_sitenote_category":0},"pwb-brand":[],"product_brand":[],"product_cat":[104,38],"product_tag":[],"class_list":{"0":"post-4219","1":"product","2":"type-product","3":"status-publish","4":"has-post-thumbnail","6":"product_cat-gnomos","7":"product_cat-seres-magicos","9":"first","10":"outofstock","11":"purchasable","12":"product-type-simple"},"acf":[],"brands":[],"_links":{"self":[{"href":"https:\/\/www.lacasamagica.cl\/ventas\/wp-json\/wp\/v2\/product\/4219","targetHints":{"allow":["GET"]}}],"collection":[{"href":"https:\/\/www.lacasamagica.cl\/ventas\/wp-json\/wp\/v2\/product"}],"about":[{"href":"https:\/\/www.lacasamagica.cl\/ventas\/wp-json\/wp\/v2\/types\/product"}],"replies":[{"embeddable":true,"href":"https:\/\/www.lacasamagica.cl\/ventas\/wp-json\/wp\/v2\/comments?post=4219"}],"wp:featuredmedia":[{"embeddable":true,"href":"https:\/\/www.lacasamagica.cl\/ventas\/wp-json\/wp\/v2\/media\/4175"}],"wp:attachment":[{"href":"https:\/\/www.lacasamagica.cl\/ventas\/wp-json\/wp\/v2\/media?parent=4219"}],"wp:term":[{"taxonomy":"pwb-brand","embeddable":true,"href":"https:\/\/www.lacasamagica.cl\/ventas\/wp-json\/wp\/v2\/pwb-brand?post=4219"},{"taxonomy":"product_brand","embeddable":true,"href":"https:\/\/www.lacasamagica.cl\/ventas\/wp-json\/wp\/v2\/product_brand?post=4219"},{"taxonomy":"product_cat","embeddable":true,"href":"https:\/\/www.lacasamagica.cl\/ventas\/wp-json\/wp\/v2\/product_cat?post=4219"},{"taxonomy":"product_tag","embeddable":true,"href":"https:\/\/www.lacasamagica.cl\/ventas\/wp-json\/wp\/v2\/product_tag?post=4219"}],"curies":[{"name":"wp","href":"https:\/\/api.w.org\/{rel}","templated":true}]}}