{"id":4509,"date":"2020-11-28T22:03:32","date_gmt":"2020-11-29T01:03:32","guid":{"rendered":"https:\/\/www.lacasamagica.cl\/ventas\/producto\/colgante-con-arbol-de-la-vida\/"},"modified":"2022-04-23T17:36:24","modified_gmt":"2022-04-23T20:36:24","slug":"colgante-con-arbol-de-la-vida","status":"publish","type":"product","link":"https:\/\/www.lacasamagica.cl\/ventas\/producto\/colgante-con-arbol-de-la-vida\/","title":{"rendered":"Colgante con Arbol de la Vida"},"content":{"rendered":"<p>El \u00c1rbol de la Vida establece la comunicaci\u00f3n entre los tres niveles del cosmos: el subterr\u00e1neo por sus ra\u00edces, la superficie de la tierra por el tronco y el cielo por la copa y sus ramas por lo tanto es el eje que establece la relaci\u00f3n entre la tierra y el cielo.<\/p>\n","protected":false},"excerpt":{"rendered":"<p>Colgante de arbol de la vida<\/p>\n","protected":false},"featured_media":4489,"comment_status":"open","ping_status":"closed","template":"","meta":{"_acf_changed":false,"_monsterinsights_skip_tracking":false,"_monsterinsights_sitenote_active":false,"_monsterinsights_sitenote_note":"","_monsterinsights_sitenote_category":0},"pwb-brand":[],"product_brand":[],"product_cat":[149,148],"product_tag":[],"class_list":{"0":"post-4509","1":"product","2":"type-product","3":"status-publish","4":"has-post-thumbnail","6":"product_cat-amuletos-y-talismanes","7":"product_cat-productos-esotericos","9":"first","10":"outofstock","11":"purchasable","12":"product-type-simple"},"acf":[],"brands":[],"_links":{"self":[{"href":"https:\/\/www.lacasamagica.cl\/ventas\/wp-json\/wp\/v2\/product\/4509","targetHints":{"allow":["GET"]}}],"collection":[{"href":"https:\/\/www.lacasamagica.cl\/ventas\/wp-json\/wp\/v2\/product"}],"about":[{"href":"https:\/\/www.lacasamagica.cl\/ventas\/wp-json\/wp\/v2\/types\/product"}],"replies":[{"embeddable":true,"href":"https:\/\/www.lacasamagica.cl\/ventas\/wp-json\/wp\/v2\/comments?post=4509"}],"wp:featuredmedia":[{"embeddable":true,"href":"https:\/\/www.lacasamagica.cl\/ventas\/wp-json\/wp\/v2\/media\/4489"}],"wp:attachment":[{"href":"https:\/\/www.lacasamagica.cl\/ventas\/wp-json\/wp\/v2\/media?parent=4509"}],"wp:term":[{"taxonomy":"pwb-brand","embeddable":true,"href":"https:\/\/www.lacasamagica.cl\/ventas\/wp-json\/wp\/v2\/pwb-brand?post=4509"},{"taxonomy":"product_brand","embeddable":true,"href":"https:\/\/www.lacasamagica.cl\/ventas\/wp-json\/wp\/v2\/product_brand?post=4509"},{"taxonomy":"product_cat","embeddable":true,"href":"https:\/\/www.lacasamagica.cl\/ventas\/wp-json\/wp\/v2\/product_cat?post=4509"},{"taxonomy":"product_tag","embeddable":true,"href":"https:\/\/www.lacasamagica.cl\/ventas\/wp-json\/wp\/v2\/product_tag?post=4509"}],"curies":[{"name":"wp","href":"https:\/\/api.w.org\/{rel}","templated":true}]}}