{"id":4525,"date":"2020-11-28T22:03:37","date_gmt":"2020-11-29T01:03:37","guid":{"rendered":"https:\/\/www.lacasamagica.cl\/ventas\/producto\/jardin-zen\/"},"modified":"2021-06-16T17:27:25","modified_gmt":"2021-06-16T20:27:25","slug":"jardin-zen","status":"publish","type":"product","link":"https:\/\/www.lacasamagica.cl\/ventas\/producto\/jardin-zen\/","title":{"rendered":"Jard\u00edn Zen"},"content":{"rendered":"<p>El jard\u00edn Zen aporta equilibrio a trav\u00e9s del elemento tierra, mediante la contemplaci\u00f3n y el rastrillado de la arena, la mente se va relajando y se logra un estado de paz y armon\u00eda.<\/p>\n","protected":false},"excerpt":{"rendered":"<p>Jard\u00edn Zen de madera con rostro de Siddharta dorado en alto relieve<\/p>\n","protected":false},"featured_media":4488,"comment_status":"open","ping_status":"closed","template":"","meta":{"_acf_changed":false,"_monsterinsights_skip_tracking":false,"_monsterinsights_sitenote_active":false,"_monsterinsights_sitenote_note":"","_monsterinsights_sitenote_category":0},"pwb-brand":[],"product_brand":[],"product_cat":[159,160],"product_tag":[],"class_list":{"0":"post-4525","1":"product","2":"type-product","3":"status-publish","4":"has-post-thumbnail","6":"product_cat-feng-shui","7":"product_cat-jardin-zen","9":"first","10":"outofstock","11":"sale","12":"featured","13":"purchasable","14":"product-type-simple"},"acf":[],"brands":[],"_links":{"self":[{"href":"https:\/\/www.lacasamagica.cl\/ventas\/wp-json\/wp\/v2\/product\/4525","targetHints":{"allow":["GET"]}}],"collection":[{"href":"https:\/\/www.lacasamagica.cl\/ventas\/wp-json\/wp\/v2\/product"}],"about":[{"href":"https:\/\/www.lacasamagica.cl\/ventas\/wp-json\/wp\/v2\/types\/product"}],"replies":[{"embeddable":true,"href":"https:\/\/www.lacasamagica.cl\/ventas\/wp-json\/wp\/v2\/comments?post=4525"}],"wp:featuredmedia":[{"embeddable":true,"href":"https:\/\/www.lacasamagica.cl\/ventas\/wp-json\/wp\/v2\/media\/4488"}],"wp:attachment":[{"href":"https:\/\/www.lacasamagica.cl\/ventas\/wp-json\/wp\/v2\/media?parent=4525"}],"wp:term":[{"taxonomy":"pwb-brand","embeddable":true,"href":"https:\/\/www.lacasamagica.cl\/ventas\/wp-json\/wp\/v2\/pwb-brand?post=4525"},{"taxonomy":"product_brand","embeddable":true,"href":"https:\/\/www.lacasamagica.cl\/ventas\/wp-json\/wp\/v2\/product_brand?post=4525"},{"taxonomy":"product_cat","embeddable":true,"href":"https:\/\/www.lacasamagica.cl\/ventas\/wp-json\/wp\/v2\/product_cat?post=4525"},{"taxonomy":"product_tag","embeddable":true,"href":"https:\/\/www.lacasamagica.cl\/ventas\/wp-json\/wp\/v2\/product_tag?post=4525"}],"curies":[{"name":"wp","href":"https:\/\/api.w.org\/{rel}","templated":true}]}}