{"id":4639,"date":"2020-12-26T21:41:42","date_gmt":"2020-12-27T00:41:42","guid":{"rendered":"https:\/\/www.lacasamagica.cl\/ventas\/producto\/hada-acostada\/"},"modified":"2025-04-15T17:45:11","modified_gmt":"2025-04-15T20:45:11","slug":"hada-acostada","status":"publish","type":"product","link":"https:\/\/www.lacasamagica.cl\/ventas\/producto\/hada-acostada\/","title":{"rendered":"Hada Acostada"},"content":{"rendered":"<p>Las Hadas son seres encantados y fant\u00e1sticos con forma femenina, a las que se le atribuyen poderes m\u00e1gicos. Estos peque\u00f1os seres se encargan de proteger los recursos naturales y que ayudan a las personas de distintas maneras.<\/p>\n","protected":false},"excerpt":{"rendered":"<p>Hada morada acostada sobre libro<\/p>\n","protected":false},"featured_media":4626,"comment_status":"open","ping_status":"closed","template":"","meta":{"_acf_changed":false,"_monsterinsights_skip_tracking":false,"_monsterinsights_sitenote_active":false,"_monsterinsights_sitenote_note":"","_monsterinsights_sitenote_category":0},"pwb-brand":[],"product_brand":[],"product_cat":[85,38],"product_tag":[135,390,132,389],"class_list":{"0":"post-4639","1":"product","2":"type-product","3":"status-publish","4":"has-post-thumbnail","6":"product_cat-hadas","7":"product_cat-seres-magicos","8":"product_tag-hadas","9":"product_tag-seres-de-luz","10":"product_tag-seres-magicos","11":"product_tag-seres-protectores","13":"first","14":"outofstock","15":"purchasable","16":"product-type-simple"},"acf":[],"brands":[],"_links":{"self":[{"href":"https:\/\/www.lacasamagica.cl\/ventas\/wp-json\/wp\/v2\/product\/4639","targetHints":{"allow":["GET"]}}],"collection":[{"href":"https:\/\/www.lacasamagica.cl\/ventas\/wp-json\/wp\/v2\/product"}],"about":[{"href":"https:\/\/www.lacasamagica.cl\/ventas\/wp-json\/wp\/v2\/types\/product"}],"replies":[{"embeddable":true,"href":"https:\/\/www.lacasamagica.cl\/ventas\/wp-json\/wp\/v2\/comments?post=4639"}],"wp:featuredmedia":[{"embeddable":true,"href":"https:\/\/www.lacasamagica.cl\/ventas\/wp-json\/wp\/v2\/media\/4626"}],"wp:attachment":[{"href":"https:\/\/www.lacasamagica.cl\/ventas\/wp-json\/wp\/v2\/media?parent=4639"}],"wp:term":[{"taxonomy":"pwb-brand","embeddable":true,"href":"https:\/\/www.lacasamagica.cl\/ventas\/wp-json\/wp\/v2\/pwb-brand?post=4639"},{"taxonomy":"product_brand","embeddable":true,"href":"https:\/\/www.lacasamagica.cl\/ventas\/wp-json\/wp\/v2\/product_brand?post=4639"},{"taxonomy":"product_cat","embeddable":true,"href":"https:\/\/www.lacasamagica.cl\/ventas\/wp-json\/wp\/v2\/product_cat?post=4639"},{"taxonomy":"product_tag","embeddable":true,"href":"https:\/\/www.lacasamagica.cl\/ventas\/wp-json\/wp\/v2\/product_tag?post=4639"}],"curies":[{"name":"wp","href":"https:\/\/api.w.org\/{rel}","templated":true}]}}