{"id":4813,"date":"2021-02-08T00:03:27","date_gmt":"2021-02-08T03:03:27","guid":{"rendered":"https:\/\/www.lacasamagica.cl\/ventas\/producto\/prisma-azul-l\/"},"modified":"2024-06-15T16:59:20","modified_gmt":"2024-06-15T19:59:20","slug":"prisma-azul-l","status":"publish","type":"product","link":"https:\/\/www.lacasamagica.cl\/ventas\/producto\/prisma-azul-l\/","title":{"rendered":"Prisma Azul  L"},"content":{"rendered":"<p>Los Cristales facetados son uno de los recursos m\u00e1s utilizado en el feng shui para generar energ\u00eda positiva y realizar curas. Estos armonizan los espacios y atraen una mejor energ\u00eda, prosperidad y felicidad.<br \/>\nEn el feng shui se recomiendan colocar:<br \/>\nDelante de las ventanas por su bello efecto de luz que reflejan por la luz del sol.<br \/>\nEn zonas oscuras en nuestro hogar o negocio. (con mala energ\u00eda, sin luz).<br \/>\nEn pasillos largos y estrechos (para evitar que el chi se estanque o se vaya demasiado r\u00e1pido).<br \/>\n En puertas o ventanas enfrentadas (para evitar fuga de chi).<br \/>\nEn las habitaciones de los ni\u00f1os (armonizar la energ\u00eda).<br \/>\nEn las escaleras de caracol y techos con vigas salientes.<br \/>\nComo Colocarlas:<br \/>\nSe deben colgar del techo quedando suspendidas sin tocar la pared.<br \/>\nLa cuerda debe ser de color rojo, este color es auspicioso en la China y esta relacionado con la protecci\u00f3n y la prosperidad.<br \/>\nLa medida de la cuerda debe ser de 9 cm. O m\u00faltiplo de 9 &#8211; 18 \u2013 27<\/p>\n","protected":false},"excerpt":{"rendered":"<p>Prisma de vidrio cristalizado azul<\/p>\n","protected":false},"featured_media":4751,"comment_status":"open","ping_status":"closed","template":"","meta":{"_acf_changed":false,"_monsterinsights_skip_tracking":false,"_monsterinsights_sitenote_active":false,"_monsterinsights_sitenote_note":"","_monsterinsights_sitenote_category":0},"pwb-brand":[],"product_brand":[],"product_cat":[188,159],"product_tag":[520,519,516,518,517],"class_list":{"0":"post-4813","1":"product","2":"type-product","3":"status-publish","4":"has-post-thumbnail","6":"product_cat-cristales-facetados","7":"product_cat-feng-shui","8":"product_tag-bolas-de-cristal-facetado","9":"product_tag-colgantes-de-fengshui","10":"product_tag-cristales-facetados","11":"product_tag-pendulo","12":"product_tag-prismas","14":"first","15":"outofstock","16":"purchasable","17":"product-type-simple"},"acf":[],"brands":[],"_links":{"self":[{"href":"https:\/\/www.lacasamagica.cl\/ventas\/wp-json\/wp\/v2\/product\/4813","targetHints":{"allow":["GET"]}}],"collection":[{"href":"https:\/\/www.lacasamagica.cl\/ventas\/wp-json\/wp\/v2\/product"}],"about":[{"href":"https:\/\/www.lacasamagica.cl\/ventas\/wp-json\/wp\/v2\/types\/product"}],"replies":[{"embeddable":true,"href":"https:\/\/www.lacasamagica.cl\/ventas\/wp-json\/wp\/v2\/comments?post=4813"}],"wp:featuredmedia":[{"embeddable":true,"href":"https:\/\/www.lacasamagica.cl\/ventas\/wp-json\/wp\/v2\/media\/4751"}],"wp:attachment":[{"href":"https:\/\/www.lacasamagica.cl\/ventas\/wp-json\/wp\/v2\/media?parent=4813"}],"wp:term":[{"taxonomy":"pwb-brand","embeddable":true,"href":"https:\/\/www.lacasamagica.cl\/ventas\/wp-json\/wp\/v2\/pwb-brand?post=4813"},{"taxonomy":"product_brand","embeddable":true,"href":"https:\/\/www.lacasamagica.cl\/ventas\/wp-json\/wp\/v2\/product_brand?post=4813"},{"taxonomy":"product_cat","embeddable":true,"href":"https:\/\/www.lacasamagica.cl\/ventas\/wp-json\/wp\/v2\/product_cat?post=4813"},{"taxonomy":"product_tag","embeddable":true,"href":"https:\/\/www.lacasamagica.cl\/ventas\/wp-json\/wp\/v2\/product_tag?post=4813"}],"curies":[{"name":"wp","href":"https:\/\/api.w.org\/{rel}","templated":true}]}}