{"id":4819,"date":"2021-02-08T00:03:27","date_gmt":"2021-02-08T03:03:27","guid":{"rendered":"https:\/\/www.lacasamagica.cl\/ventas\/producto\/pendulo-de-cristal-de-cuarzo-2\/"},"modified":"2025-10-06T15:33:38","modified_gmt":"2025-10-06T18:33:38","slug":"pendulo-de-cristal-de-cuarzo-2","status":"publish","type":"product","link":"https:\/\/www.lacasamagica.cl\/ventas\/producto\/pendulo-de-cristal-de-cuarzo-2\/","title":{"rendered":"Pendulo de Cristal de Cuarzo"},"content":{"rendered":"<p>El cristal de Cuarzo es uno de los minerales m\u00e1s utilizados en la gemoterapia. Es el sanador y limpiador m\u00e1s poderoso, nos ayuda a auto curarnos y regenerarnos en todos los aspectos. Este cristal se puede usar como herramienta para equilibrar la energ\u00eda del cuerpo. Se utiliza como protecci\u00f3n en situaciones o ambientes peligrosos ya que es el mejor limpiador y neutralizador de energ\u00edas negativas.<\/p>\n","protected":false},"excerpt":{"rendered":"<p>Pendulo de Cristal de Cuarzo<\/p>\n","protected":false},"featured_media":4738,"comment_status":"open","ping_status":"closed","template":"","meta":{"_acf_changed":false,"_monsterinsights_skip_tracking":false,"_monsterinsights_sitenote_active":false,"_monsterinsights_sitenote_note":"","_monsterinsights_sitenote_category":0},"pwb-brand":[],"product_brand":[],"product_cat":[58],"product_tag":[266],"class_list":{"0":"post-4819","1":"product","2":"type-product","3":"status-publish","4":"has-post-thumbnail","6":"product_cat-piedras","7":"product_tag-capricornio","9":"first","10":"instock","11":"purchasable","12":"product-type-simple"},"acf":[],"brands":[],"_links":{"self":[{"href":"https:\/\/www.lacasamagica.cl\/ventas\/wp-json\/wp\/v2\/product\/4819","targetHints":{"allow":["GET"]}}],"collection":[{"href":"https:\/\/www.lacasamagica.cl\/ventas\/wp-json\/wp\/v2\/product"}],"about":[{"href":"https:\/\/www.lacasamagica.cl\/ventas\/wp-json\/wp\/v2\/types\/product"}],"replies":[{"embeddable":true,"href":"https:\/\/www.lacasamagica.cl\/ventas\/wp-json\/wp\/v2\/comments?post=4819"}],"wp:featuredmedia":[{"embeddable":true,"href":"https:\/\/www.lacasamagica.cl\/ventas\/wp-json\/wp\/v2\/media\/4738"}],"wp:attachment":[{"href":"https:\/\/www.lacasamagica.cl\/ventas\/wp-json\/wp\/v2\/media?parent=4819"}],"wp:term":[{"taxonomy":"pwb-brand","embeddable":true,"href":"https:\/\/www.lacasamagica.cl\/ventas\/wp-json\/wp\/v2\/pwb-brand?post=4819"},{"taxonomy":"product_brand","embeddable":true,"href":"https:\/\/www.lacasamagica.cl\/ventas\/wp-json\/wp\/v2\/product_brand?post=4819"},{"taxonomy":"product_cat","embeddable":true,"href":"https:\/\/www.lacasamagica.cl\/ventas\/wp-json\/wp\/v2\/product_cat?post=4819"},{"taxonomy":"product_tag","embeddable":true,"href":"https:\/\/www.lacasamagica.cl\/ventas\/wp-json\/wp\/v2\/product_tag?post=4819"}],"curies":[{"name":"wp","href":"https:\/\/api.w.org\/{rel}","templated":true}]}}