{"id":4821,"date":"2021-02-08T00:03:27","date_gmt":"2021-02-08T03:03:27","guid":{"rendered":"https:\/\/www.lacasamagica.cl\/ventas\/producto\/colgante-cuarzo-rosado\/"},"modified":"2022-11-19T11:14:52","modified_gmt":"2022-11-19T14:14:52","slug":"colgante-cuarzo-rosado","status":"publish","type":"product","link":"https:\/\/www.lacasamagica.cl\/ventas\/producto\/colgante-cuarzo-rosado\/","title":{"rendered":"Colgante Cuarzo Rosado"},"content":{"rendered":"<p>El Cuarzo Rosado fortalece el coraz\u00f3n y el sistema circulatorio, situado sobre la gl\u00e1ndula timo. Alivia el estr\u00e9s f\u00edsico y emocional. Esta indicado en enfermedades nerviosas y para el insomnio. Es considerado como una de las piedras m\u00e1s poderosa para curaciones emocionales, elimina la angustia, ira y los celos.<\/p>\n","protected":false},"excerpt":{"rendered":"<p>Colgante ovalado de Cuarzo Rosado<\/p>\n","protected":false},"featured_media":4735,"comment_status":"open","ping_status":"closed","template":"","meta":{"_acf_changed":false,"_monsterinsights_skip_tracking":false,"_monsterinsights_sitenote_active":false,"_monsterinsights_sitenote_note":"","_monsterinsights_sitenote_category":0},"pwb-brand":[],"product_brand":[],"product_cat":[58],"product_tag":[260],"class_list":{"0":"post-4821","1":"product","2":"type-product","3":"status-publish","4":"has-post-thumbnail","6":"product_cat-piedras","7":"product_tag-cancer","9":"first","10":"outofstock","11":"purchasable","12":"product-type-simple"},"acf":[],"brands":[],"_links":{"self":[{"href":"https:\/\/www.lacasamagica.cl\/ventas\/wp-json\/wp\/v2\/product\/4821","targetHints":{"allow":["GET"]}}],"collection":[{"href":"https:\/\/www.lacasamagica.cl\/ventas\/wp-json\/wp\/v2\/product"}],"about":[{"href":"https:\/\/www.lacasamagica.cl\/ventas\/wp-json\/wp\/v2\/types\/product"}],"replies":[{"embeddable":true,"href":"https:\/\/www.lacasamagica.cl\/ventas\/wp-json\/wp\/v2\/comments?post=4821"}],"wp:featuredmedia":[{"embeddable":true,"href":"https:\/\/www.lacasamagica.cl\/ventas\/wp-json\/wp\/v2\/media\/4735"}],"wp:attachment":[{"href":"https:\/\/www.lacasamagica.cl\/ventas\/wp-json\/wp\/v2\/media?parent=4821"}],"wp:term":[{"taxonomy":"pwb-brand","embeddable":true,"href":"https:\/\/www.lacasamagica.cl\/ventas\/wp-json\/wp\/v2\/pwb-brand?post=4821"},{"taxonomy":"product_brand","embeddable":true,"href":"https:\/\/www.lacasamagica.cl\/ventas\/wp-json\/wp\/v2\/product_brand?post=4821"},{"taxonomy":"product_cat","embeddable":true,"href":"https:\/\/www.lacasamagica.cl\/ventas\/wp-json\/wp\/v2\/product_cat?post=4821"},{"taxonomy":"product_tag","embeddable":true,"href":"https:\/\/www.lacasamagica.cl\/ventas\/wp-json\/wp\/v2\/product_tag?post=4821"}],"curies":[{"name":"wp","href":"https:\/\/api.w.org\/{rel}","templated":true}]}}