{"id":4825,"date":"2021-02-08T00:03:27","date_gmt":"2021-02-08T03:03:27","guid":{"rendered":"https:\/\/www.lacasamagica.cl\/ventas\/producto\/pendulo-jade-7-chakras\/"},"modified":"2024-03-18T12:41:17","modified_gmt":"2024-03-18T15:41:17","slug":"pendulo-jade-7-chakras","status":"publish","type":"product","link":"https:\/\/www.lacasamagica.cl\/ventas\/producto\/pendulo-jade-7-chakras\/","title":{"rendered":"Pendulo Jade 7 Chakras"},"content":{"rendered":"<p>El Jade es considerado como la piedra viva ya que tiene muchas propiedades curativas: regula afecciones del ri\u00f1\u00f3n, combate el cansancio, fatiga, ausencia de energ\u00eda y estr\u00e9s. Alivia dolores de espalda y ayuda a superar la depresi\u00f3n por causa de la perdida de seres queridos.<\/p>\n","protected":false},"excerpt":{"rendered":"<p>Pendulo Jade 7 Chakras<\/p>\n","protected":false},"featured_media":4743,"comment_status":"open","ping_status":"closed","template":"","meta":{"_acf_changed":false,"_monsterinsights_skip_tracking":false,"_monsterinsights_sitenote_active":false,"_monsterinsights_sitenote_note":"","_monsterinsights_sitenote_category":0},"pwb-brand":[],"product_brand":[],"product_cat":[58],"product_tag":[268],"class_list":{"0":"post-4825","1":"product","2":"type-product","3":"status-publish","4":"has-post-thumbnail","6":"product_cat-piedras","7":"product_tag-piscis","9":"first","10":"outofstock","11":"purchasable","12":"product-type-simple"},"acf":[],"brands":[],"_links":{"self":[{"href":"https:\/\/www.lacasamagica.cl\/ventas\/wp-json\/wp\/v2\/product\/4825","targetHints":{"allow":["GET"]}}],"collection":[{"href":"https:\/\/www.lacasamagica.cl\/ventas\/wp-json\/wp\/v2\/product"}],"about":[{"href":"https:\/\/www.lacasamagica.cl\/ventas\/wp-json\/wp\/v2\/types\/product"}],"replies":[{"embeddable":true,"href":"https:\/\/www.lacasamagica.cl\/ventas\/wp-json\/wp\/v2\/comments?post=4825"}],"wp:featuredmedia":[{"embeddable":true,"href":"https:\/\/www.lacasamagica.cl\/ventas\/wp-json\/wp\/v2\/media\/4743"}],"wp:attachment":[{"href":"https:\/\/www.lacasamagica.cl\/ventas\/wp-json\/wp\/v2\/media?parent=4825"}],"wp:term":[{"taxonomy":"pwb-brand","embeddable":true,"href":"https:\/\/www.lacasamagica.cl\/ventas\/wp-json\/wp\/v2\/pwb-brand?post=4825"},{"taxonomy":"product_brand","embeddable":true,"href":"https:\/\/www.lacasamagica.cl\/ventas\/wp-json\/wp\/v2\/product_brand?post=4825"},{"taxonomy":"product_cat","embeddable":true,"href":"https:\/\/www.lacasamagica.cl\/ventas\/wp-json\/wp\/v2\/product_cat?post=4825"},{"taxonomy":"product_tag","embeddable":true,"href":"https:\/\/www.lacasamagica.cl\/ventas\/wp-json\/wp\/v2\/product_tag?post=4825"}],"curies":[{"name":"wp","href":"https:\/\/api.w.org\/{rel}","templated":true}]}}