{"id":4838,"date":"2021-02-08T00:03:31","date_gmt":"2021-02-08T03:03:31","guid":{"rendered":"https:\/\/www.lacasamagica.cl\/ventas\/producto\/pendulo-ojo-de-tigre-m\/"},"modified":"2021-05-29T18:29:53","modified_gmt":"2021-05-29T21:29:53","slug":"pendulo-ojo-de-tigre-m","status":"publish","type":"product","link":"https:\/\/www.lacasamagica.cl\/ventas\/producto\/pendulo-ojo-de-tigre-m\/","title":{"rendered":"Pendulo Ojo de Tigre M"},"content":{"rendered":"<p>El ojo de tigre favorece los cambios sin rupturas traum\u00e1ticas y trae buena suerte.  Es considerado como la piedra de la longevidad y para el mal de ojo. Es muy \u00fatil para renovar nuestras energ\u00edas y reforzar nuestra capacidad de confiar en nosotros mismos ya que nos aporta m\u00e1s seguridad y equilibrio interior.<\/p>\n","protected":false},"excerpt":{"rendered":"<p>Pendulo  Piramide ojo de Tigre<\/p>\n","protected":false},"featured_media":4732,"comment_status":"open","ping_status":"closed","template":"","meta":{"_acf_changed":false,"_monsterinsights_skip_tracking":false,"_monsterinsights_sitenote_active":false,"_monsterinsights_sitenote_note":"","_monsterinsights_sitenote_category":0},"pwb-brand":[],"product_brand":[],"product_cat":[58],"product_tag":[262],"class_list":{"0":"post-4838","1":"product","2":"type-product","3":"status-publish","4":"has-post-thumbnail","6":"product_cat-piedras","7":"product_tag-virgo","9":"first","10":"instock","11":"purchasable","12":"product-type-simple"},"acf":[],"brands":[],"_links":{"self":[{"href":"https:\/\/www.lacasamagica.cl\/ventas\/wp-json\/wp\/v2\/product\/4838","targetHints":{"allow":["GET"]}}],"collection":[{"href":"https:\/\/www.lacasamagica.cl\/ventas\/wp-json\/wp\/v2\/product"}],"about":[{"href":"https:\/\/www.lacasamagica.cl\/ventas\/wp-json\/wp\/v2\/types\/product"}],"replies":[{"embeddable":true,"href":"https:\/\/www.lacasamagica.cl\/ventas\/wp-json\/wp\/v2\/comments?post=4838"}],"wp:featuredmedia":[{"embeddable":true,"href":"https:\/\/www.lacasamagica.cl\/ventas\/wp-json\/wp\/v2\/media\/4732"}],"wp:attachment":[{"href":"https:\/\/www.lacasamagica.cl\/ventas\/wp-json\/wp\/v2\/media?parent=4838"}],"wp:term":[{"taxonomy":"pwb-brand","embeddable":true,"href":"https:\/\/www.lacasamagica.cl\/ventas\/wp-json\/wp\/v2\/pwb-brand?post=4838"},{"taxonomy":"product_brand","embeddable":true,"href":"https:\/\/www.lacasamagica.cl\/ventas\/wp-json\/wp\/v2\/product_brand?post=4838"},{"taxonomy":"product_cat","embeddable":true,"href":"https:\/\/www.lacasamagica.cl\/ventas\/wp-json\/wp\/v2\/product_cat?post=4838"},{"taxonomy":"product_tag","embeddable":true,"href":"https:\/\/www.lacasamagica.cl\/ventas\/wp-json\/wp\/v2\/product_tag?post=4838"}],"curies":[{"name":"wp","href":"https:\/\/api.w.org\/{rel}","templated":true}]}}