{"id":4844,"date":"2021-02-08T00:03:31","date_gmt":"2021-02-08T03:03:31","guid":{"rendered":"https:\/\/www.lacasamagica.cl\/ventas\/producto\/novios-chinos\/"},"modified":"2023-01-28T11:39:49","modified_gmt":"2023-01-28T14:39:49","slug":"novios-chinos","status":"publish","type":"product","link":"https:\/\/www.lacasamagica.cl\/ventas\/producto\/novios-chinos\/","title":{"rendered":"Novios Chinos"},"content":{"rendered":"<p>Los Novios Chinos o Ni\u00f1os de la Fertilidad, Felicidad y Fortuna en el Feng shui son s\u00edmbolos auspiciosos para la relaci\u00f3n de pareja o matrimonio, su atuendo rojo simboliza suerte, si la persona est\u00e1 sola este s\u00edmbolo activara la llegada de su alma gemela. Al colocar en la habitaci\u00f3n una pareja de Novios Chinos se aludir\u00e1 la felicidad conyugal, matrimonio con \u00e9xito y la unidad de pareja y romance eterno.<\/p>\n","protected":false},"excerpt":{"rendered":"<p>Pareja de Novios Chinos<\/p>\n","protected":false},"featured_media":4758,"comment_status":"open","ping_status":"closed","template":"","meta":{"_acf_changed":false,"_monsterinsights_skip_tracking":false,"_monsterinsights_sitenote_active":false,"_monsterinsights_sitenote_note":"","_monsterinsights_sitenote_category":0},"pwb-brand":[],"product_brand":[],"product_cat":[159,185],"product_tag":[],"class_list":{"0":"post-4844","1":"product","2":"type-product","3":"status-publish","4":"has-post-thumbnail","6":"product_cat-feng-shui","7":"product_cat-otros-feng-shui","9":"first","10":"outofstock","11":"purchasable","12":"product-type-simple"},"acf":[],"brands":[],"_links":{"self":[{"href":"https:\/\/www.lacasamagica.cl\/ventas\/wp-json\/wp\/v2\/product\/4844","targetHints":{"allow":["GET"]}}],"collection":[{"href":"https:\/\/www.lacasamagica.cl\/ventas\/wp-json\/wp\/v2\/product"}],"about":[{"href":"https:\/\/www.lacasamagica.cl\/ventas\/wp-json\/wp\/v2\/types\/product"}],"replies":[{"embeddable":true,"href":"https:\/\/www.lacasamagica.cl\/ventas\/wp-json\/wp\/v2\/comments?post=4844"}],"wp:featuredmedia":[{"embeddable":true,"href":"https:\/\/www.lacasamagica.cl\/ventas\/wp-json\/wp\/v2\/media\/4758"}],"wp:attachment":[{"href":"https:\/\/www.lacasamagica.cl\/ventas\/wp-json\/wp\/v2\/media?parent=4844"}],"wp:term":[{"taxonomy":"pwb-brand","embeddable":true,"href":"https:\/\/www.lacasamagica.cl\/ventas\/wp-json\/wp\/v2\/pwb-brand?post=4844"},{"taxonomy":"product_brand","embeddable":true,"href":"https:\/\/www.lacasamagica.cl\/ventas\/wp-json\/wp\/v2\/product_brand?post=4844"},{"taxonomy":"product_cat","embeddable":true,"href":"https:\/\/www.lacasamagica.cl\/ventas\/wp-json\/wp\/v2\/product_cat?post=4844"},{"taxonomy":"product_tag","embeddable":true,"href":"https:\/\/www.lacasamagica.cl\/ventas\/wp-json\/wp\/v2\/product_tag?post=4844"}],"curies":[{"name":"wp","href":"https:\/\/api.w.org\/{rel}","templated":true}]}}