{"id":4869,"date":"2021-02-08T00:03:39","date_gmt":"2021-02-08T03:03:39","guid":{"rendered":"https:\/\/www.lacasamagica.cl\/ventas\/producto\/cabeza-de-kuan-yin-2\/"},"modified":"2024-01-18T11:06:37","modified_gmt":"2024-01-18T14:06:37","slug":"cabeza-de-kuan-yin-2","status":"publish","type":"product","link":"https:\/\/www.lacasamagica.cl\/ventas\/producto\/cabeza-de-kuan-yin-2\/","title":{"rendered":"Cabeza de Kuan Yin"},"content":{"rendered":"<p>La Kuan Yin representa a al buda femenina Diosa de la piedad y la compasi\u00f3n que todo lo bendice. Eterna protectora de la mujer y los ni\u00f1os. Se dice que colocarla en una habitaci\u00f3n contribuye a calmar el entorno y neutralizar influencias negativas como enfermedades desilusiones y discusiones.<\/p>\n","protected":false},"excerpt":{"rendered":"<p>Cabeza de Kuan yin en Blanco<\/p>\n","protected":false},"featured_media":4721,"comment_status":"open","ping_status":"closed","template":"","meta":{"_acf_changed":false,"_monsterinsights_skip_tracking":false,"_monsterinsights_sitenote_active":false,"_monsterinsights_sitenote_note":"","_monsterinsights_sitenote_category":0},"pwb-brand":[],"product_brand":[],"product_cat":[56,182],"product_tag":[],"class_list":{"0":"post-4869","1":"product","2":"type-product","3":"status-publish","4":"has-post-thumbnail","6":"product_cat-budismo","7":"product_cat-kuan-yin","9":"first","10":"outofstock","11":"purchasable","12":"product-type-simple"},"acf":[],"brands":[],"_links":{"self":[{"href":"https:\/\/www.lacasamagica.cl\/ventas\/wp-json\/wp\/v2\/product\/4869","targetHints":{"allow":["GET"]}}],"collection":[{"href":"https:\/\/www.lacasamagica.cl\/ventas\/wp-json\/wp\/v2\/product"}],"about":[{"href":"https:\/\/www.lacasamagica.cl\/ventas\/wp-json\/wp\/v2\/types\/product"}],"replies":[{"embeddable":true,"href":"https:\/\/www.lacasamagica.cl\/ventas\/wp-json\/wp\/v2\/comments?post=4869"}],"wp:featuredmedia":[{"embeddable":true,"href":"https:\/\/www.lacasamagica.cl\/ventas\/wp-json\/wp\/v2\/media\/4721"}],"wp:attachment":[{"href":"https:\/\/www.lacasamagica.cl\/ventas\/wp-json\/wp\/v2\/media?parent=4869"}],"wp:term":[{"taxonomy":"pwb-brand","embeddable":true,"href":"https:\/\/www.lacasamagica.cl\/ventas\/wp-json\/wp\/v2\/pwb-brand?post=4869"},{"taxonomy":"product_brand","embeddable":true,"href":"https:\/\/www.lacasamagica.cl\/ventas\/wp-json\/wp\/v2\/product_brand?post=4869"},{"taxonomy":"product_cat","embeddable":true,"href":"https:\/\/www.lacasamagica.cl\/ventas\/wp-json\/wp\/v2\/product_cat?post=4869"},{"taxonomy":"product_tag","embeddable":true,"href":"https:\/\/www.lacasamagica.cl\/ventas\/wp-json\/wp\/v2\/product_tag?post=4869"}],"curies":[{"name":"wp","href":"https:\/\/api.w.org\/{rel}","templated":true}]}}