{"id":4878,"date":"2021-02-08T00:03:39","date_gmt":"2021-02-08T03:03:39","guid":{"rendered":"https:\/\/www.lacasamagica.cl\/ventas\/producto\/cuenco-con-caja-y-cojin\/"},"modified":"2025-06-05T13:03:54","modified_gmt":"2025-06-05T16:03:54","slug":"cuenco-con-caja-y-cojin","status":"publish","type":"product","link":"https:\/\/www.lacasamagica.cl\/ventas\/producto\/cuenco-con-caja-y-cojin\/","title":{"rendered":"Cuenco con Caja y Cojin"},"content":{"rendered":"<p>El Cuenco Tibetano es un instrumento que se utiliza para la meditaci\u00f3n y sanaci\u00f3n. Su sonido ayuda a mantener la salud a nivel f\u00edsico y conservar el equilibrio del cuerpo. Limpia el campo \u00e1urico y da equilibrio al cuerpo energ\u00e9tico y sus chakras<\/p>\n","protected":false},"excerpt":{"rendered":"<p>Cuenco con caja y cojin (El cuenco y caja puede cambiar de color segun stock<\/p>\n","protected":false},"featured_media":4771,"comment_status":"open","ping_status":"closed","template":"","meta":{"_acf_changed":false,"_monsterinsights_skip_tracking":false,"_monsterinsights_sitenote_active":false,"_monsterinsights_sitenote_note":"","_monsterinsights_sitenote_category":0},"pwb-brand":[],"product_brand":[],"product_cat":[56,208],"product_tag":[339,340,333,344,341,342,343,345,288],"class_list":{"0":"post-4878","1":"product","2":"type-product","3":"status-publish","4":"has-post-thumbnail","6":"product_cat-budismo","7":"product_cat-cuencostibetanos","8":"product_tag-cuenco","9":"product_tag-cuenco-tibetano","10":"product_tag-meditacion","11":"product_tag-musicoterapia","12":"product_tag-relajacion","13":"product_tag-sanacion","14":"product_tag-sonoterapia","15":"product_tag-terapia-de-sonido","16":"product_tag-yoga","18":"first","19":"instock","20":"purchasable","21":"product-type-simple"},"acf":[],"brands":[],"_links":{"self":[{"href":"https:\/\/www.lacasamagica.cl\/ventas\/wp-json\/wp\/v2\/product\/4878","targetHints":{"allow":["GET"]}}],"collection":[{"href":"https:\/\/www.lacasamagica.cl\/ventas\/wp-json\/wp\/v2\/product"}],"about":[{"href":"https:\/\/www.lacasamagica.cl\/ventas\/wp-json\/wp\/v2\/types\/product"}],"replies":[{"embeddable":true,"href":"https:\/\/www.lacasamagica.cl\/ventas\/wp-json\/wp\/v2\/comments?post=4878"}],"wp:featuredmedia":[{"embeddable":true,"href":"https:\/\/www.lacasamagica.cl\/ventas\/wp-json\/wp\/v2\/media\/4771"}],"wp:attachment":[{"href":"https:\/\/www.lacasamagica.cl\/ventas\/wp-json\/wp\/v2\/media?parent=4878"}],"wp:term":[{"taxonomy":"pwb-brand","embeddable":true,"href":"https:\/\/www.lacasamagica.cl\/ventas\/wp-json\/wp\/v2\/pwb-brand?post=4878"},{"taxonomy":"product_brand","embeddable":true,"href":"https:\/\/www.lacasamagica.cl\/ventas\/wp-json\/wp\/v2\/product_brand?post=4878"},{"taxonomy":"product_cat","embeddable":true,"href":"https:\/\/www.lacasamagica.cl\/ventas\/wp-json\/wp\/v2\/product_cat?post=4878"},{"taxonomy":"product_tag","embeddable":true,"href":"https:\/\/www.lacasamagica.cl\/ventas\/wp-json\/wp\/v2\/product_tag?post=4878"}],"curies":[{"name":"wp","href":"https:\/\/api.w.org\/{rel}","templated":true}]}}