{"id":5174,"date":"2021-03-30T14:46:06","date_gmt":"2021-03-30T17:46:06","guid":{"rendered":"https:\/\/www.lacasamagica.cl\/ventas\/producto\/fuente-de-agua-siddhartha-con-cantaros\/"},"modified":"2022-05-29T21:22:56","modified_gmt":"2022-05-30T00:22:56","slug":"fuente-de-agua-siddhartha-con-cantaros","status":"publish","type":"product","link":"https:\/\/www.lacasamagica.cl\/ventas\/producto\/fuente-de-agua-siddhartha-con-cantaros\/","title":{"rendered":"Fuente de Agua Siddhartha con C\u00e1ntaros"},"content":{"rendered":"<p>El Feng Shui revela que el agua en movimiento de las fuentes de agua tiene la capacidad de acumular chi ben\u00e9fico que luego se irradia a toda la vivienda, favoreciendo a todos sus habitantes, adem\u00e1s, el agua es un elemento que purifica el aire y neutraliza la contaminaci\u00f3n. Tener una fuente de agua en el interior de la vivienda o lugares de trabajo provocan una excelente energ\u00eda que trae suerte, prosperidad y buenas oportunidades.<br \/>\nLas im\u00e1genes de Siddhartha nos mantienen en la mente esa preciosa oportunidad de trascender el sufrimiento y alcanzar la paz y felicidad duradera, nos recuerda que nosotros podemos liberarnos del sufrimiento al igual que Buda, encontrando la felicidad en nosotros mismos.<\/p>\n","protected":false},"excerpt":{"rendered":"<p>Fuente de Agua con Siddhartha gris verdoso con siete cantaros<\/p>\n","protected":false},"featured_media":5090,"comment_status":"open","ping_status":"closed","template":"","meta":{"_acf_changed":false,"_monsterinsights_skip_tracking":false,"_monsterinsights_sitenote_active":false,"_monsterinsights_sitenote_note":"","_monsterinsights_sitenote_category":0},"pwb-brand":[],"product_brand":[],"product_cat":[56,157,165],"product_tag":[],"class_list":{"0":"post-5174","1":"product","2":"type-product","3":"status-publish","4":"has-post-thumbnail","6":"product_cat-budismo","7":"product_cat-fuentes-de-agua","8":"product_cat-siddhartha","10":"first","11":"outofstock","12":"purchasable","13":"product-type-simple"},"acf":[],"brands":[],"_links":{"self":[{"href":"https:\/\/www.lacasamagica.cl\/ventas\/wp-json\/wp\/v2\/product\/5174","targetHints":{"allow":["GET"]}}],"collection":[{"href":"https:\/\/www.lacasamagica.cl\/ventas\/wp-json\/wp\/v2\/product"}],"about":[{"href":"https:\/\/www.lacasamagica.cl\/ventas\/wp-json\/wp\/v2\/types\/product"}],"replies":[{"embeddable":true,"href":"https:\/\/www.lacasamagica.cl\/ventas\/wp-json\/wp\/v2\/comments?post=5174"}],"wp:featuredmedia":[{"embeddable":true,"href":"https:\/\/www.lacasamagica.cl\/ventas\/wp-json\/wp\/v2\/media\/5090"}],"wp:attachment":[{"href":"https:\/\/www.lacasamagica.cl\/ventas\/wp-json\/wp\/v2\/media?parent=5174"}],"wp:term":[{"taxonomy":"pwb-brand","embeddable":true,"href":"https:\/\/www.lacasamagica.cl\/ventas\/wp-json\/wp\/v2\/pwb-brand?post=5174"},{"taxonomy":"product_brand","embeddable":true,"href":"https:\/\/www.lacasamagica.cl\/ventas\/wp-json\/wp\/v2\/product_brand?post=5174"},{"taxonomy":"product_cat","embeddable":true,"href":"https:\/\/www.lacasamagica.cl\/ventas\/wp-json\/wp\/v2\/product_cat?post=5174"},{"taxonomy":"product_tag","embeddable":true,"href":"https:\/\/www.lacasamagica.cl\/ventas\/wp-json\/wp\/v2\/product_tag?post=5174"}],"curies":[{"name":"wp","href":"https:\/\/api.w.org\/{rel}","templated":true}]}}