{"id":5175,"date":"2021-03-30T14:46:06","date_gmt":"2021-03-30T17:46:06","guid":{"rendered":"https:\/\/www.lacasamagica.cl\/ventas\/producto\/medalla-san-benito-2\/"},"modified":"2025-06-09T13:38:15","modified_gmt":"2025-06-09T16:38:15","slug":"medalla-san-benito-2","status":"publish","type":"product","link":"https:\/\/www.lacasamagica.cl\/ventas\/producto\/medalla-san-benito-2\/","title":{"rendered":"Medalla San Benito"},"content":{"rendered":"<p>Poderoso Talism\u00e1n contra hechizos, es un potente escudo de protecci\u00f3n contra brujer\u00eda, magia negra y maldad. Perfecta defensa contra todo tipo de energ\u00edas hostiles, rechaza y expulsa esp\u00edritus inmundos.<\/p>\n","protected":false},"excerpt":{"rendered":"<p>Medalla de San Benito S<\/p>\n","protected":false},"featured_media":3648,"comment_status":"open","ping_status":"closed","template":"","meta":{"_acf_changed":false,"_monsterinsights_skip_tracking":false,"_monsterinsights_sitenote_active":false,"_monsterinsights_sitenote_note":"","_monsterinsights_sitenote_category":0},"pwb-brand":[],"product_brand":[],"product_cat":[149,148],"product_tag":[],"class_list":{"0":"post-5175","1":"product","2":"type-product","3":"status-publish","4":"has-post-thumbnail","6":"product_cat-amuletos-y-talismanes","7":"product_cat-productos-esotericos","9":"first","10":"instock","11":"purchasable","12":"product-type-simple"},"acf":[],"brands":[],"_links":{"self":[{"href":"https:\/\/www.lacasamagica.cl\/ventas\/wp-json\/wp\/v2\/product\/5175","targetHints":{"allow":["GET"]}}],"collection":[{"href":"https:\/\/www.lacasamagica.cl\/ventas\/wp-json\/wp\/v2\/product"}],"about":[{"href":"https:\/\/www.lacasamagica.cl\/ventas\/wp-json\/wp\/v2\/types\/product"}],"replies":[{"embeddable":true,"href":"https:\/\/www.lacasamagica.cl\/ventas\/wp-json\/wp\/v2\/comments?post=5175"}],"wp:featuredmedia":[{"embeddable":true,"href":"https:\/\/www.lacasamagica.cl\/ventas\/wp-json\/wp\/v2\/media\/3648"}],"wp:attachment":[{"href":"https:\/\/www.lacasamagica.cl\/ventas\/wp-json\/wp\/v2\/media?parent=5175"}],"wp:term":[{"taxonomy":"pwb-brand","embeddable":true,"href":"https:\/\/www.lacasamagica.cl\/ventas\/wp-json\/wp\/v2\/pwb-brand?post=5175"},{"taxonomy":"product_brand","embeddable":true,"href":"https:\/\/www.lacasamagica.cl\/ventas\/wp-json\/wp\/v2\/product_brand?post=5175"},{"taxonomy":"product_cat","embeddable":true,"href":"https:\/\/www.lacasamagica.cl\/ventas\/wp-json\/wp\/v2\/product_cat?post=5175"},{"taxonomy":"product_tag","embeddable":true,"href":"https:\/\/www.lacasamagica.cl\/ventas\/wp-json\/wp\/v2\/product_tag?post=5175"}],"curies":[{"name":"wp","href":"https:\/\/api.w.org\/{rel}","templated":true}]}}