{"id":5548,"date":"2021-06-21T18:32:19","date_gmt":"2021-06-21T21:32:19","guid":{"rendered":"https:\/\/www.lacasamagica.cl\/ventas\/producto\/lampara-de-sal-himalaya-luna\/"},"modified":"2024-01-18T12:49:00","modified_gmt":"2024-01-18T15:49:00","slug":"lampara-de-sal-himalaya-luna","status":"publish","type":"product","link":"https:\/\/www.lacasamagica.cl\/ventas\/producto\/lampara-de-sal-himalaya-luna\/","title":{"rendered":"L\u00e1mpara de Sal Himalaya Luna"},"content":{"rendered":"<p>La Lampara de Sal tienen efectos positivos para la salud y el bienestar del ser humano y de nuestra casa. Ya que nos ayuda a relajarnos, conciliar el sue\u00f1o y reducir la sensaci\u00f3n de fatiga y estr\u00e9s, mejorando la concentraci\u00f3n.<br \/>\nSu luz armoniza los rincones perdidos donde se estanca la energ\u00eda negativa y absorben el exceso de ondas electromagn\u00e9ticas.<\/p>\n","protected":false},"excerpt":{"rendered":"<p>Lampara redonda sobre base de madera<\/p>\n","protected":false},"featured_media":5540,"comment_status":"open","ping_status":"closed","template":"","meta":{"_acf_changed":false,"_monsterinsights_skip_tracking":false,"_monsterinsights_sitenote_active":false,"_monsterinsights_sitenote_note":"","_monsterinsights_sitenote_category":0},"pwb-brand":[],"product_brand":[],"product_cat":[153],"product_tag":[337,335,338,334,336],"class_list":{"0":"post-5548","1":"product","2":"type-product","3":"status-publish","4":"has-post-thumbnail","6":"product_cat-lamparas-de-sal-2","7":"product_tag-descarga","8":"product_tag-himalaya","9":"product_tag-lampara","10":"product_tag-lampara-de-sal","11":"product_tag-sal-rosada","13":"first","14":"outofstock","15":"purchasable","16":"product-type-simple"},"acf":[],"brands":[],"_links":{"self":[{"href":"https:\/\/www.lacasamagica.cl\/ventas\/wp-json\/wp\/v2\/product\/5548","targetHints":{"allow":["GET"]}}],"collection":[{"href":"https:\/\/www.lacasamagica.cl\/ventas\/wp-json\/wp\/v2\/product"}],"about":[{"href":"https:\/\/www.lacasamagica.cl\/ventas\/wp-json\/wp\/v2\/types\/product"}],"replies":[{"embeddable":true,"href":"https:\/\/www.lacasamagica.cl\/ventas\/wp-json\/wp\/v2\/comments?post=5548"}],"wp:featuredmedia":[{"embeddable":true,"href":"https:\/\/www.lacasamagica.cl\/ventas\/wp-json\/wp\/v2\/media\/5540"}],"wp:attachment":[{"href":"https:\/\/www.lacasamagica.cl\/ventas\/wp-json\/wp\/v2\/media?parent=5548"}],"wp:term":[{"taxonomy":"pwb-brand","embeddable":true,"href":"https:\/\/www.lacasamagica.cl\/ventas\/wp-json\/wp\/v2\/pwb-brand?post=5548"},{"taxonomy":"product_brand","embeddable":true,"href":"https:\/\/www.lacasamagica.cl\/ventas\/wp-json\/wp\/v2\/product_brand?post=5548"},{"taxonomy":"product_cat","embeddable":true,"href":"https:\/\/www.lacasamagica.cl\/ventas\/wp-json\/wp\/v2\/product_cat?post=5548"},{"taxonomy":"product_tag","embeddable":true,"href":"https:\/\/www.lacasamagica.cl\/ventas\/wp-json\/wp\/v2\/product_tag?post=5548"}],"curies":[{"name":"wp","href":"https:\/\/api.w.org\/{rel}","templated":true}]}}