{"id":5893,"date":"2021-11-09T21:56:52","date_gmt":"2021-11-10T00:56:52","guid":{"rendered":"https:\/\/www.lacasamagica.cl\/ventas\/producto\/mala-de-rudraska\/"},"modified":"2025-06-05T12:59:02","modified_gmt":"2025-06-05T15:59:02","slug":"mala-de-rudraska","status":"publish","type":"product","link":"https:\/\/www.lacasamagica.cl\/ventas\/producto\/mala-de-rudraska\/","title":{"rendered":"Mala de Rudraska"},"content":{"rendered":"<p>La Rudraksha es ideal para quien desea comenzar un camino espiritual o de auto superaci\u00f3n y conocimiento. El portador de una Rudraksha es bendecido con prosperidad y paz mental. <\/p>\n<p>Beneficio de la rudraksha: <\/p>\n<p>Normalizaci\u00f3n de la presi\u00f3n sangu\u00ednea. <\/p>\n<p>Control de respuestas al estr\u00e9s negativo. <\/p>\n<p>Disminuci\u00f3n de la ansiedad. <\/p>\n<p>Favorece la tranquilidad y armon\u00eda interior. <\/p>\n<p>Aumento de la concentraci\u00f3n. <\/p>\n<p>Facilidad para el habla. Creatividad. Magnetismo personal. <\/p>\n<p>Quien la usa junto con una intensa pr\u00e1ctica espiritual con canto de mantras, obtiene perfecci\u00f3n y conocimiento espiritual perfecto. <\/p>\n<p>Incrementa la inteligencia, el esp\u00edritu de renuncia y desapego. <\/p>\n<p>Fomenta la armon\u00eda en la familia.<\/p>\n","protected":false},"excerpt":{"rendered":"<p>Mala Rudraska<\/p>\n","protected":false},"featured_media":5842,"comment_status":"open","ping_status":"closed","template":"","meta":{"_acf_changed":false,"_monsterinsights_skip_tracking":false,"_monsterinsights_sitenote_active":false,"_monsterinsights_sitenote_note":"","_monsterinsights_sitenote_category":0},"pwb-brand":[],"product_brand":[],"product_cat":[56,100],"product_tag":[],"class_list":{"0":"post-5893","1":"product","2":"type-product","3":"status-publish","4":"has-post-thumbnail","6":"product_cat-budismo","7":"product_cat-malas-tibetanos","9":"first","10":"instock","11":"purchasable","12":"product-type-simple"},"acf":[],"brands":[],"_links":{"self":[{"href":"https:\/\/www.lacasamagica.cl\/ventas\/wp-json\/wp\/v2\/product\/5893","targetHints":{"allow":["GET"]}}],"collection":[{"href":"https:\/\/www.lacasamagica.cl\/ventas\/wp-json\/wp\/v2\/product"}],"about":[{"href":"https:\/\/www.lacasamagica.cl\/ventas\/wp-json\/wp\/v2\/types\/product"}],"replies":[{"embeddable":true,"href":"https:\/\/www.lacasamagica.cl\/ventas\/wp-json\/wp\/v2\/comments?post=5893"}],"wp:featuredmedia":[{"embeddable":true,"href":"https:\/\/www.lacasamagica.cl\/ventas\/wp-json\/wp\/v2\/media\/5842"}],"wp:attachment":[{"href":"https:\/\/www.lacasamagica.cl\/ventas\/wp-json\/wp\/v2\/media?parent=5893"}],"wp:term":[{"taxonomy":"pwb-brand","embeddable":true,"href":"https:\/\/www.lacasamagica.cl\/ventas\/wp-json\/wp\/v2\/pwb-brand?post=5893"},{"taxonomy":"product_brand","embeddable":true,"href":"https:\/\/www.lacasamagica.cl\/ventas\/wp-json\/wp\/v2\/product_brand?post=5893"},{"taxonomy":"product_cat","embeddable":true,"href":"https:\/\/www.lacasamagica.cl\/ventas\/wp-json\/wp\/v2\/product_cat?post=5893"},{"taxonomy":"product_tag","embeddable":true,"href":"https:\/\/www.lacasamagica.cl\/ventas\/wp-json\/wp\/v2\/product_tag?post=5893"}],"curies":[{"name":"wp","href":"https:\/\/api.w.org\/{rel}","templated":true}]}}