{"id":6293,"date":"2022-01-17T23:19:51","date_gmt":"2022-01-18T02:19:51","guid":{"rendered":"https:\/\/www.lacasamagica.cl\/ventas\/producto\/pavo-real-cafe\/"},"modified":"2023-01-04T17:23:36","modified_gmt":"2023-01-04T20:23:36","slug":"pavo-real-cafe","status":"publish","type":"product","link":"https:\/\/www.lacasamagica.cl\/ventas\/producto\/pavo-real-cafe\/","title":{"rendered":"Pavo Real Caf\u00e9"},"content":{"rendered":"<p>Es el Rey de los p\u00e1jaros. Potente s\u00edmbolo de protecci\u00f3n, las puntas de sus plumas son ojos que cuidan y protegen contra robos, competencias deshonestas y de adversarios. Est\u00e1 relacionado al reconocimiento y prestigio<\/p>\n","protected":false},"excerpt":{"rendered":"<p>Es el Rey de los p\u00e1jaros. Potente s\u00edmbolo de protecci\u00f3n, las puntas de sus plumas son ojos que cuidan y protegen contra robos, competencias deshonestas y de adversarios. Est\u00e1 relacionado al reconocimiento y prestigio<\/p>\n","protected":false},"featured_media":0,"comment_status":"open","ping_status":"closed","template":"","meta":{"_acf_changed":false,"_monsterinsights_skip_tracking":false,"_monsterinsights_sitenote_active":false,"_monsterinsights_sitenote_note":"","_monsterinsights_sitenote_category":0},"pwb-brand":[],"product_brand":[],"product_cat":[107,117],"product_tag":[],"class_list":{"0":"post-6293","1":"product","2":"type-product","3":"status-publish","5":"product_cat-animales","6":"product_cat-pajaros","8":"first","9":"outofstock","10":"purchasable","11":"product-type-simple"},"acf":[],"brands":[],"_links":{"self":[{"href":"https:\/\/www.lacasamagica.cl\/ventas\/wp-json\/wp\/v2\/product\/6293","targetHints":{"allow":["GET"]}}],"collection":[{"href":"https:\/\/www.lacasamagica.cl\/ventas\/wp-json\/wp\/v2\/product"}],"about":[{"href":"https:\/\/www.lacasamagica.cl\/ventas\/wp-json\/wp\/v2\/types\/product"}],"replies":[{"embeddable":true,"href":"https:\/\/www.lacasamagica.cl\/ventas\/wp-json\/wp\/v2\/comments?post=6293"}],"wp:attachment":[{"href":"https:\/\/www.lacasamagica.cl\/ventas\/wp-json\/wp\/v2\/media?parent=6293"}],"wp:term":[{"taxonomy":"pwb-brand","embeddable":true,"href":"https:\/\/www.lacasamagica.cl\/ventas\/wp-json\/wp\/v2\/pwb-brand?post=6293"},{"taxonomy":"product_brand","embeddable":true,"href":"https:\/\/www.lacasamagica.cl\/ventas\/wp-json\/wp\/v2\/product_brand?post=6293"},{"taxonomy":"product_cat","embeddable":true,"href":"https:\/\/www.lacasamagica.cl\/ventas\/wp-json\/wp\/v2\/product_cat?post=6293"},{"taxonomy":"product_tag","embeddable":true,"href":"https:\/\/www.lacasamagica.cl\/ventas\/wp-json\/wp\/v2\/product_tag?post=6293"}],"curies":[{"name":"wp","href":"https:\/\/api.w.org\/{rel}","templated":true}]}}