{"id":6308,"date":"2022-01-17T23:19:51","date_gmt":"2022-01-18T02:19:51","guid":{"rendered":"https:\/\/www.lacasamagica.cl\/ventas\/producto\/pajarito-con-fuente\/"},"modified":"2022-02-24T10:26:42","modified_gmt":"2022-02-24T13:26:42","slug":"pajarito-con-fuente","status":"publish","type":"product","link":"https:\/\/www.lacasamagica.cl\/ventas\/producto\/pajarito-con-fuente\/","title":{"rendered":"Pajarito con Fuente"},"content":{"rendered":"<p>En el Feng Shui, las aves son portadoras de buenas noticias, auguran progreso de todo tipo, prosperidad y buena fortuna. Adem\u00e1s, atraen el amor, el reconocimiento e incluso sirven para fomentar la fidelidad de la pareja. Un p\u00e1jaro azul representa la mejor\u00eda econ\u00f3mica, uno amarillo representa la armon\u00eda f\u00edsica y uno verde\u00a0un\u00a0abre caminos.<\/p>\n","protected":false},"excerpt":{"rendered":"<p>En el Feng Shui, las aves son portadoras de buenas noticias, auguran progreso de todo tipo, prosperidad y buena fortuna. Adem\u00e1s, atraen el amor, el reconocimiento e incluso sirven para fomentar la fidelidad de la pareja. Un p\u00e1jaro azul representa la mejor\u00eda econ\u00f3mica, uno amarillo representa la armon\u00eda f\u00edsica y uno verde\u00a0un\u00a0abre caminos.<\/p>\n","protected":false},"featured_media":6178,"comment_status":"open","ping_status":"closed","template":"","meta":{"_acf_changed":false,"_monsterinsights_skip_tracking":false,"_monsterinsights_sitenote_active":false,"_monsterinsights_sitenote_note":"","_monsterinsights_sitenote_category":0},"pwb-brand":[],"product_brand":[],"product_cat":[107,117],"product_tag":[],"class_list":{"0":"post-6308","1":"product","2":"type-product","3":"status-publish","4":"has-post-thumbnail","6":"product_cat-animales","7":"product_cat-pajaros","9":"first","10":"outofstock","11":"purchasable","12":"product-type-simple"},"acf":[],"brands":[],"_links":{"self":[{"href":"https:\/\/www.lacasamagica.cl\/ventas\/wp-json\/wp\/v2\/product\/6308","targetHints":{"allow":["GET"]}}],"collection":[{"href":"https:\/\/www.lacasamagica.cl\/ventas\/wp-json\/wp\/v2\/product"}],"about":[{"href":"https:\/\/www.lacasamagica.cl\/ventas\/wp-json\/wp\/v2\/types\/product"}],"replies":[{"embeddable":true,"href":"https:\/\/www.lacasamagica.cl\/ventas\/wp-json\/wp\/v2\/comments?post=6308"}],"wp:featuredmedia":[{"embeddable":true,"href":"https:\/\/www.lacasamagica.cl\/ventas\/wp-json\/wp\/v2\/media\/6178"}],"wp:attachment":[{"href":"https:\/\/www.lacasamagica.cl\/ventas\/wp-json\/wp\/v2\/media?parent=6308"}],"wp:term":[{"taxonomy":"pwb-brand","embeddable":true,"href":"https:\/\/www.lacasamagica.cl\/ventas\/wp-json\/wp\/v2\/pwb-brand?post=6308"},{"taxonomy":"product_brand","embeddable":true,"href":"https:\/\/www.lacasamagica.cl\/ventas\/wp-json\/wp\/v2\/product_brand?post=6308"},{"taxonomy":"product_cat","embeddable":true,"href":"https:\/\/www.lacasamagica.cl\/ventas\/wp-json\/wp\/v2\/product_cat?post=6308"},{"taxonomy":"product_tag","embeddable":true,"href":"https:\/\/www.lacasamagica.cl\/ventas\/wp-json\/wp\/v2\/product_tag?post=6308"}],"curies":[{"name":"wp","href":"https:\/\/api.w.org\/{rel}","templated":true}]}}