{"id":6417,"date":"2022-02-20T19:25:42","date_gmt":"2022-02-20T22:25:42","guid":{"rendered":"https:\/\/www.lacasamagica.cl\/ventas\/producto\/gnomo-con-martillo-y-clavo\/"},"modified":"2024-06-15T17:39:15","modified_gmt":"2024-06-15T20:39:15","slug":"gnomo-con-martillo-y-clavo","status":"publish","type":"product","link":"https:\/\/www.lacasamagica.cl\/ventas\/producto\/gnomo-con-martillo-y-clavo\/","title":{"rendered":"Gnomo con Martillo y Clavo"},"content":{"rendered":"<p>Los gnomos son criaturas legendarias, genios elementales de la tierra, en cuyas entra\u00f1as moran trabajando y custodiando los tesoros\u00a0subterr\u00e1neos. Adquiere un gnomo y cuidar\u00e1 de tu trabajo, tu casa y tus m\u00e1s preciados tesoros.<\/p>\n","protected":false},"excerpt":{"rendered":"<p>Los gnomos son criaturas legendarias, genios elementales de la tierra, en cuyas entra\u00f1as moran trabajando y custodiando los tesoros\u00a0subterr\u00e1neos. Adquiere un gnomo y cuidar\u00e1 de tu trabajo, tu casa y tus m\u00e1s preciados tesoros.<\/p>\n","protected":false},"featured_media":6389,"comment_status":"open","ping_status":"closed","template":"","meta":{"_acf_changed":false,"_monsterinsights_skip_tracking":false,"_monsterinsights_sitenote_active":false,"_monsterinsights_sitenote_note":"","_monsterinsights_sitenote_category":0},"pwb-brand":[],"product_brand":[],"product_cat":[104,38],"product_tag":[392,372,391,394,371,370,393,374],"class_list":{"0":"post-6417","1":"product","2":"type-product","3":"status-publish","4":"has-post-thumbnail","6":"product_cat-gnomos","7":"product_cat-seres-magicos","8":"product_tag-blanca-nieves","9":"product_tag-duende","10":"product_tag-duendecillo","11":"product_tag-elfo","12":"product_tag-enano","13":"product_tag-gnomo","14":"product_tag-jardin","15":"product_tag-nomo","17":"first","18":"outofstock","19":"purchasable","20":"product-type-simple"},"acf":[],"brands":[],"_links":{"self":[{"href":"https:\/\/www.lacasamagica.cl\/ventas\/wp-json\/wp\/v2\/product\/6417","targetHints":{"allow":["GET"]}}],"collection":[{"href":"https:\/\/www.lacasamagica.cl\/ventas\/wp-json\/wp\/v2\/product"}],"about":[{"href":"https:\/\/www.lacasamagica.cl\/ventas\/wp-json\/wp\/v2\/types\/product"}],"replies":[{"embeddable":true,"href":"https:\/\/www.lacasamagica.cl\/ventas\/wp-json\/wp\/v2\/comments?post=6417"}],"wp:featuredmedia":[{"embeddable":true,"href":"https:\/\/www.lacasamagica.cl\/ventas\/wp-json\/wp\/v2\/media\/6389"}],"wp:attachment":[{"href":"https:\/\/www.lacasamagica.cl\/ventas\/wp-json\/wp\/v2\/media?parent=6417"}],"wp:term":[{"taxonomy":"pwb-brand","embeddable":true,"href":"https:\/\/www.lacasamagica.cl\/ventas\/wp-json\/wp\/v2\/pwb-brand?post=6417"},{"taxonomy":"product_brand","embeddable":true,"href":"https:\/\/www.lacasamagica.cl\/ventas\/wp-json\/wp\/v2\/product_brand?post=6417"},{"taxonomy":"product_cat","embeddable":true,"href":"https:\/\/www.lacasamagica.cl\/ventas\/wp-json\/wp\/v2\/product_cat?post=6417"},{"taxonomy":"product_tag","embeddable":true,"href":"https:\/\/www.lacasamagica.cl\/ventas\/wp-json\/wp\/v2\/product_tag?post=6417"}],"curies":[{"name":"wp","href":"https:\/\/api.w.org\/{rel}","templated":true}]}}