{"id":6429,"date":"2022-02-20T19:25:53","date_gmt":"2022-02-20T22:25:53","guid":{"rendered":"https:\/\/www.lacasamagica.cl\/ventas\/producto\/jirafa-con-monos\/"},"modified":"2024-10-13T18:29:51","modified_gmt":"2024-10-13T21:29:51","slug":"jirafa-con-monos","status":"publish","type":"product","link":"https:\/\/www.lacasamagica.cl\/ventas\/producto\/jirafa-con-monos\/","title":{"rendered":"Jirafa con Monos"},"content":{"rendered":"<p>La jirafa simboliza la autoaceptaci\u00f3n y el amor propio. Este animal est\u00e1 orgulloso de su apariencia y sabe que es verdaderamente \u00fanico en el mundo. Adem\u00e1s, la jirafa indica que eres capaz de tener una visi\u00f3n m\u00e1s elevada de la realidad, sin perder en ning\u00fan caso la conexi\u00f3n con el mundo real. Por lo tanto, te anima a no perder tu vida tratando de ser algo distinto a lo que en realidad eres. Te ense\u00f1a a aceptarte y amarte, con tus virtudes y defectos, dejando de lado la opini\u00f3n que los dem\u00e1s puedan tener.<\/p>\n","protected":false},"excerpt":{"rendered":"<p>Jirafa dorada con dos monos<\/p>\n","protected":false},"featured_media":6376,"comment_status":"open","ping_status":"closed","template":"","meta":{"_acf_changed":false,"_monsterinsights_skip_tracking":false,"_monsterinsights_sitenote_active":false,"_monsterinsights_sitenote_note":"","_monsterinsights_sitenote_category":0},"pwb-brand":[],"product_brand":[],"product_cat":[107,119],"product_tag":[],"class_list":{"0":"post-6429","1":"product","2":"type-product","3":"status-publish","4":"has-post-thumbnail","6":"product_cat-animales","7":"product_cat-otros-animales","9":"first","10":"instock","11":"sale","12":"purchasable","13":"product-type-simple"},"acf":[],"brands":[],"_links":{"self":[{"href":"https:\/\/www.lacasamagica.cl\/ventas\/wp-json\/wp\/v2\/product\/6429","targetHints":{"allow":["GET"]}}],"collection":[{"href":"https:\/\/www.lacasamagica.cl\/ventas\/wp-json\/wp\/v2\/product"}],"about":[{"href":"https:\/\/www.lacasamagica.cl\/ventas\/wp-json\/wp\/v2\/types\/product"}],"replies":[{"embeddable":true,"href":"https:\/\/www.lacasamagica.cl\/ventas\/wp-json\/wp\/v2\/comments?post=6429"}],"wp:featuredmedia":[{"embeddable":true,"href":"https:\/\/www.lacasamagica.cl\/ventas\/wp-json\/wp\/v2\/media\/6376"}],"wp:attachment":[{"href":"https:\/\/www.lacasamagica.cl\/ventas\/wp-json\/wp\/v2\/media?parent=6429"}],"wp:term":[{"taxonomy":"pwb-brand","embeddable":true,"href":"https:\/\/www.lacasamagica.cl\/ventas\/wp-json\/wp\/v2\/pwb-brand?post=6429"},{"taxonomy":"product_brand","embeddable":true,"href":"https:\/\/www.lacasamagica.cl\/ventas\/wp-json\/wp\/v2\/product_brand?post=6429"},{"taxonomy":"product_cat","embeddable":true,"href":"https:\/\/www.lacasamagica.cl\/ventas\/wp-json\/wp\/v2\/product_cat?post=6429"},{"taxonomy":"product_tag","embeddable":true,"href":"https:\/\/www.lacasamagica.cl\/ventas\/wp-json\/wp\/v2\/product_tag?post=6429"}],"curies":[{"name":"wp","href":"https:\/\/api.w.org\/{rel}","templated":true}]}}