{"id":6444,"date":"2022-02-20T19:26:00","date_gmt":"2022-02-20T22:26:00","guid":{"rendered":"https:\/\/www.lacasamagica.cl\/ventas\/producto\/tetragramaton-s\/"},"modified":"2025-06-05T14:37:22","modified_gmt":"2025-06-05T17:37:22","slug":"tetragramaton-s","status":"publish","type":"product","link":"https:\/\/www.lacasamagica.cl\/ventas\/producto\/tetragramaton-s\/","title":{"rendered":"Tetragramaton S"},"content":{"rendered":"<p>Tetragr\u00e1maton o Pentagrama, es un s\u00edmbolo milenario que representa los cuatro elementos de la naturaleza y la dominaci\u00f3n del esp\u00edritu sobre estos. Es un poderoso talism\u00e1n que expulsa toda clase de energ\u00edas negativas de este y otros planos. Otorga m\u00e1xima protecci\u00f3n y provoca que los malos esp\u00edritus sean retirados.<\/p>\n","protected":false},"excerpt":{"rendered":"<p>Tetragr\u00e1maton o Pentagrama, es un s\u00edmbolo milenario que representa los cuatro elementos de la naturaleza y la dominaci\u00f3n del esp\u00edritu sobre estos. Es un poderoso talism\u00e1n que expulsa toda clase de energ\u00edas negativas de este y otros planos. Otorga m\u00e1xima protecci\u00f3n y provoca que los malos esp\u00edritus sean retirados.<\/p>\n","protected":false},"featured_media":6357,"comment_status":"open","ping_status":"closed","template":"","meta":{"_acf_changed":false,"_monsterinsights_skip_tracking":false,"_monsterinsights_sitenote_active":false,"_monsterinsights_sitenote_note":"","_monsterinsights_sitenote_category":0},"pwb-brand":[],"product_brand":[],"product_cat":[149,148],"product_tag":[],"class_list":{"0":"post-6444","1":"product","2":"type-product","3":"status-publish","4":"has-post-thumbnail","6":"product_cat-amuletos-y-talismanes","7":"product_cat-productos-esotericos","9":"first","10":"instock","11":"purchasable","12":"product-type-simple"},"acf":[],"brands":[],"_links":{"self":[{"href":"https:\/\/www.lacasamagica.cl\/ventas\/wp-json\/wp\/v2\/product\/6444","targetHints":{"allow":["GET"]}}],"collection":[{"href":"https:\/\/www.lacasamagica.cl\/ventas\/wp-json\/wp\/v2\/product"}],"about":[{"href":"https:\/\/www.lacasamagica.cl\/ventas\/wp-json\/wp\/v2\/types\/product"}],"replies":[{"embeddable":true,"href":"https:\/\/www.lacasamagica.cl\/ventas\/wp-json\/wp\/v2\/comments?post=6444"}],"wp:featuredmedia":[{"embeddable":true,"href":"https:\/\/www.lacasamagica.cl\/ventas\/wp-json\/wp\/v2\/media\/6357"}],"wp:attachment":[{"href":"https:\/\/www.lacasamagica.cl\/ventas\/wp-json\/wp\/v2\/media?parent=6444"}],"wp:term":[{"taxonomy":"pwb-brand","embeddable":true,"href":"https:\/\/www.lacasamagica.cl\/ventas\/wp-json\/wp\/v2\/pwb-brand?post=6444"},{"taxonomy":"product_brand","embeddable":true,"href":"https:\/\/www.lacasamagica.cl\/ventas\/wp-json\/wp\/v2\/product_brand?post=6444"},{"taxonomy":"product_cat","embeddable":true,"href":"https:\/\/www.lacasamagica.cl\/ventas\/wp-json\/wp\/v2\/product_cat?post=6444"},{"taxonomy":"product_tag","embeddable":true,"href":"https:\/\/www.lacasamagica.cl\/ventas\/wp-json\/wp\/v2\/product_tag?post=6444"}],"curies":[{"name":"wp","href":"https:\/\/api.w.org\/{rel}","templated":true}]}}