{"id":6631,"date":"2022-05-29T23:27:24","date_gmt":"2022-05-30T02:27:24","guid":{"rendered":"https:\/\/www.lacasamagica.cl\/ventas\/producto\/porta-vela-con-angel\/"},"modified":"2026-02-23T15:26:18","modified_gmt":"2026-02-23T18:26:18","slug":"porta-vela-con-angel","status":"publish","type":"product","link":"https:\/\/www.lacasamagica.cl\/ventas\/producto\/porta-vela-con-angel\/","title":{"rendered":"Porta Vela con Angel"},"content":{"rendered":"<p>Los \u00c1ngeles son seres espirituales perfectos que median amorosamente ente Dios y la humanidad, se comunican con nosotros de modo directo y pueden hablarnos de dos maneras: por medio de se\u00f1ales que hemos de ser capaces de interpretar y a trav\u00e9s de la voz interior que no se entienden con la cabeza sino con el coraz\u00f3n. Todos nosotros tenemos un \u00c1ngel Guardian que debemos activarlo para nuestro bienestar<\/p>\n","protected":false},"excerpt":{"rendered":"<p>Porta vela tea light con dos angeles<\/p>\n","protected":false},"featured_media":1881,"comment_status":"open","ping_status":"closed","template":"","meta":{"_acf_changed":false,"_monsterinsights_skip_tracking":false,"_monsterinsights_sitenote_active":false,"_monsterinsights_sitenote_note":"","_monsterinsights_sitenote_category":0},"pwb-brand":[],"product_brand":[],"product_cat":[46,38],"product_tag":[351,138,354,352,355,353],"class_list":{"0":"post-6631","1":"product","2":"type-product","3":"status-publish","4":"has-post-thumbnail","6":"product_cat-angeles","7":"product_cat-seres-magicos","8":"product_tag-angel","9":"product_tag-angeles","10":"product_tag-arcangel","11":"product_tag-proteccion","12":"product_tag-querubines","13":"product_tag-seres-celestiales","15":"first","16":"outofstock","17":"purchasable","18":"product-type-simple"},"acf":[],"brands":[],"_links":{"self":[{"href":"https:\/\/www.lacasamagica.cl\/ventas\/wp-json\/wp\/v2\/product\/6631","targetHints":{"allow":["GET"]}}],"collection":[{"href":"https:\/\/www.lacasamagica.cl\/ventas\/wp-json\/wp\/v2\/product"}],"about":[{"href":"https:\/\/www.lacasamagica.cl\/ventas\/wp-json\/wp\/v2\/types\/product"}],"replies":[{"embeddable":true,"href":"https:\/\/www.lacasamagica.cl\/ventas\/wp-json\/wp\/v2\/comments?post=6631"}],"wp:featuredmedia":[{"embeddable":true,"href":"https:\/\/www.lacasamagica.cl\/ventas\/wp-json\/wp\/v2\/media\/1881"}],"wp:attachment":[{"href":"https:\/\/www.lacasamagica.cl\/ventas\/wp-json\/wp\/v2\/media?parent=6631"}],"wp:term":[{"taxonomy":"pwb-brand","embeddable":true,"href":"https:\/\/www.lacasamagica.cl\/ventas\/wp-json\/wp\/v2\/pwb-brand?post=6631"},{"taxonomy":"product_brand","embeddable":true,"href":"https:\/\/www.lacasamagica.cl\/ventas\/wp-json\/wp\/v2\/product_brand?post=6631"},{"taxonomy":"product_cat","embeddable":true,"href":"https:\/\/www.lacasamagica.cl\/ventas\/wp-json\/wp\/v2\/product_cat?post=6631"},{"taxonomy":"product_tag","embeddable":true,"href":"https:\/\/www.lacasamagica.cl\/ventas\/wp-json\/wp\/v2\/product_tag?post=6631"}],"curies":[{"name":"wp","href":"https:\/\/api.w.org\/{rel}","templated":true}]}}