{"id":6639,"date":"2022-05-29T23:27:27","date_gmt":"2022-05-30T02:27:27","guid":{"rendered":"https:\/\/www.lacasamagica.cl\/ventas\/producto\/difusor-de-aromaterapia-con-angeles-2\/"},"modified":"2023-08-05T15:59:24","modified_gmt":"2023-08-05T18:59:24","slug":"difusor-de-aromaterapia-con-angeles-2","status":"publish","type":"product","link":"https:\/\/www.lacasamagica.cl\/ventas\/producto\/difusor-de-aromaterapia-con-angeles-2\/","title":{"rendered":"Difusor de Aromaterapia con Angeles"},"content":{"rendered":"<p>Los difusores de aromaterapia convierten la combinaci\u00f3n de agua y aceites esenciales en vapor que, junto con aromatizar el ambiente, ayudan a disminuir la tensi\u00f3n, mejorar el estado de \u00e1nimo y a despejar la mente.<\/p>\n","protected":false},"excerpt":{"rendered":"<p>Difusor de aroaterapia con tres angeles con instrumento<\/p>\n","protected":false},"featured_media":0,"comment_status":"open","ping_status":"closed","template":"","meta":{"_acf_changed":false,"_monsterinsights_skip_tracking":false,"_monsterinsights_sitenote_active":false,"_monsterinsights_sitenote_note":"","_monsterinsights_sitenote_category":0},"pwb-brand":[],"product_brand":[],"product_cat":[174,178],"product_tag":[351,138,354,352,355,353],"class_list":{"0":"post-6639","1":"product","2":"type-product","3":"status-publish","5":"product_cat-aromaterapia","6":"product_cat-difusores-a-vela","7":"product_tag-angel","8":"product_tag-angeles","9":"product_tag-arcangel","10":"product_tag-proteccion","11":"product_tag-querubines","12":"product_tag-seres-celestiales","14":"first","15":"outofstock","16":"purchasable","17":"product-type-simple"},"acf":[],"brands":[],"_links":{"self":[{"href":"https:\/\/www.lacasamagica.cl\/ventas\/wp-json\/wp\/v2\/product\/6639","targetHints":{"allow":["GET"]}}],"collection":[{"href":"https:\/\/www.lacasamagica.cl\/ventas\/wp-json\/wp\/v2\/product"}],"about":[{"href":"https:\/\/www.lacasamagica.cl\/ventas\/wp-json\/wp\/v2\/types\/product"}],"replies":[{"embeddable":true,"href":"https:\/\/www.lacasamagica.cl\/ventas\/wp-json\/wp\/v2\/comments?post=6639"}],"wp:attachment":[{"href":"https:\/\/www.lacasamagica.cl\/ventas\/wp-json\/wp\/v2\/media?parent=6639"}],"wp:term":[{"taxonomy":"pwb-brand","embeddable":true,"href":"https:\/\/www.lacasamagica.cl\/ventas\/wp-json\/wp\/v2\/pwb-brand?post=6639"},{"taxonomy":"product_brand","embeddable":true,"href":"https:\/\/www.lacasamagica.cl\/ventas\/wp-json\/wp\/v2\/product_brand?post=6639"},{"taxonomy":"product_cat","embeddable":true,"href":"https:\/\/www.lacasamagica.cl\/ventas\/wp-json\/wp\/v2\/product_cat?post=6639"},{"taxonomy":"product_tag","embeddable":true,"href":"https:\/\/www.lacasamagica.cl\/ventas\/wp-json\/wp\/v2\/product_tag?post=6639"}],"curies":[{"name":"wp","href":"https:\/\/api.w.org\/{rel}","templated":true}]}}