{"id":6662,"date":"2022-05-29T23:27:29","date_gmt":"2022-05-30T02:27:29","guid":{"rendered":"https:\/\/www.lacasamagica.cl\/ventas\/producto\/piramide-de-jade\/"},"modified":"2023-10-31T18:50:57","modified_gmt":"2023-10-31T21:50:57","slug":"piramide-de-jade","status":"publish","type":"product","link":"https:\/\/www.lacasamagica.cl\/ventas\/producto\/piramide-de-jade\/","title":{"rendered":"Piramide de Jade"},"content":{"rendered":"<p>El Jade es considerado como la piedra viva ya que tiene muchas propiedades curativas: regula afecciones del ri\u00f1\u00f3n, combate el cansancio, fatiga, ausencia de energ\u00eda y estr\u00e9s. Alivia dolores de espalda y ayuda a superar la depresi\u00f3n por causa de la perdida de seres queridos.\u00a0<\/p>\n","protected":false},"excerpt":{"rendered":"<p>Piramide piedra de Jade<\/p>\n","protected":false},"featured_media":6535,"comment_status":"open","ping_status":"closed","template":"","meta":{"_acf_changed":false,"_monsterinsights_skip_tracking":false,"_monsterinsights_sitenote_active":false,"_monsterinsights_sitenote_note":"","_monsterinsights_sitenote_category":0},"pwb-brand":[],"product_brand":[],"product_cat":[58],"product_tag":[],"class_list":{"0":"post-6662","1":"product","2":"type-product","3":"status-publish","4":"has-post-thumbnail","6":"product_cat-piedras","8":"first","9":"outofstock","10":"purchasable","11":"product-type-simple"},"acf":[],"brands":[],"_links":{"self":[{"href":"https:\/\/www.lacasamagica.cl\/ventas\/wp-json\/wp\/v2\/product\/6662","targetHints":{"allow":["GET"]}}],"collection":[{"href":"https:\/\/www.lacasamagica.cl\/ventas\/wp-json\/wp\/v2\/product"}],"about":[{"href":"https:\/\/www.lacasamagica.cl\/ventas\/wp-json\/wp\/v2\/types\/product"}],"replies":[{"embeddable":true,"href":"https:\/\/www.lacasamagica.cl\/ventas\/wp-json\/wp\/v2\/comments?post=6662"}],"wp:featuredmedia":[{"embeddable":true,"href":"https:\/\/www.lacasamagica.cl\/ventas\/wp-json\/wp\/v2\/media\/6535"}],"wp:attachment":[{"href":"https:\/\/www.lacasamagica.cl\/ventas\/wp-json\/wp\/v2\/media?parent=6662"}],"wp:term":[{"taxonomy":"pwb-brand","embeddable":true,"href":"https:\/\/www.lacasamagica.cl\/ventas\/wp-json\/wp\/v2\/pwb-brand?post=6662"},{"taxonomy":"product_brand","embeddable":true,"href":"https:\/\/www.lacasamagica.cl\/ventas\/wp-json\/wp\/v2\/product_brand?post=6662"},{"taxonomy":"product_cat","embeddable":true,"href":"https:\/\/www.lacasamagica.cl\/ventas\/wp-json\/wp\/v2\/product_cat?post=6662"},{"taxonomy":"product_tag","embeddable":true,"href":"https:\/\/www.lacasamagica.cl\/ventas\/wp-json\/wp\/v2\/product_tag?post=6662"}],"curies":[{"name":"wp","href":"https:\/\/api.w.org\/{rel}","templated":true}]}}