{"id":6758,"date":"2022-09-04T23:16:25","date_gmt":"2022-09-05T02:16:25","guid":{"rendered":"https:\/\/www.lacasamagica.cl\/ventas\/producto\/pez\/"},"modified":"2026-02-12T14:32:25","modified_gmt":"2026-02-12T17:32:25","slug":"pez","status":"publish","type":"product","link":"https:\/\/www.lacasamagica.cl\/ventas\/producto\/pez\/","title":{"rendered":"Pez"},"content":{"rendered":"<p>En el Feng Shui los peces se utilizan como s\u00edmbolos para representar la abundancia y la riqueza. Su simbolog\u00eda est\u00e1 relacionada con la energ\u00eda del agua, el cual es un elemento que da vida y atrae una abundancia continua.<\/p>\n","protected":false},"excerpt":{"rendered":"<p>Pez Dorado<\/p>\n","protected":false},"featured_media":6753,"comment_status":"open","ping_status":"closed","template":"","meta":{"_acf_changed":false,"_monsterinsights_skip_tracking":false,"_monsterinsights_sitenote_active":false,"_monsterinsights_sitenote_note":"","_monsterinsights_sitenote_category":0},"pwb-brand":[],"product_brand":[],"product_cat":[107,119],"product_tag":[324,298,377,482,481,395,123,396],"class_list":{"0":"post-6758","1":"product","2":"type-product","3":"status-publish","4":"has-post-thumbnail","6":"product_cat-animales","7":"product_cat-otros-animales","8":"product_tag-abundancia","9":"product_tag-fengshui","10":"product_tag-fertilidad","11":"product_tag-peces","12":"product_tag-pes","13":"product_tag-pescado","14":"product_tag-pez","15":"product_tag-prosperidad","17":"first","18":"instock","19":"purchasable","20":"product-type-simple"},"acf":[],"brands":[],"_links":{"self":[{"href":"https:\/\/www.lacasamagica.cl\/ventas\/wp-json\/wp\/v2\/product\/6758","targetHints":{"allow":["GET"]}}],"collection":[{"href":"https:\/\/www.lacasamagica.cl\/ventas\/wp-json\/wp\/v2\/product"}],"about":[{"href":"https:\/\/www.lacasamagica.cl\/ventas\/wp-json\/wp\/v2\/types\/product"}],"replies":[{"embeddable":true,"href":"https:\/\/www.lacasamagica.cl\/ventas\/wp-json\/wp\/v2\/comments?post=6758"}],"wp:featuredmedia":[{"embeddable":true,"href":"https:\/\/www.lacasamagica.cl\/ventas\/wp-json\/wp\/v2\/media\/6753"}],"wp:attachment":[{"href":"https:\/\/www.lacasamagica.cl\/ventas\/wp-json\/wp\/v2\/media?parent=6758"}],"wp:term":[{"taxonomy":"pwb-brand","embeddable":true,"href":"https:\/\/www.lacasamagica.cl\/ventas\/wp-json\/wp\/v2\/pwb-brand?post=6758"},{"taxonomy":"product_brand","embeddable":true,"href":"https:\/\/www.lacasamagica.cl\/ventas\/wp-json\/wp\/v2\/product_brand?post=6758"},{"taxonomy":"product_cat","embeddable":true,"href":"https:\/\/www.lacasamagica.cl\/ventas\/wp-json\/wp\/v2\/product_cat?post=6758"},{"taxonomy":"product_tag","embeddable":true,"href":"https:\/\/www.lacasamagica.cl\/ventas\/wp-json\/wp\/v2\/product_tag?post=6758"}],"curies":[{"name":"wp","href":"https:\/\/api.w.org\/{rel}","templated":true}]}}