{"id":6760,"date":"2022-09-04T23:16:25","date_gmt":"2022-09-05T02:16:25","guid":{"rendered":"https:\/\/www.lacasamagica.cl\/ventas\/producto\/tara\/"},"modified":"2024-04-09T18:50:46","modified_gmt":"2024-04-09T21:50:46","slug":"tara","status":"publish","type":"product","link":"https:\/\/www.lacasamagica.cl\/ventas\/producto\/tara\/","title":{"rendered":"Tara"},"content":{"rendered":"<p>Tara es la diosa de la protecci\u00f3n, la sanaci\u00f3n, la compasi\u00f3n y el desapego. Es llamada el coraz\u00f3n de la sabidur\u00eda, es a quien se la llama para superar cualquier tipo de dificultad u obst\u00e1culo sea en la vida material o espiritual.\u00a0<\/p>\n","protected":false},"excerpt":{"rendered":"<p>Tara color hueso con verde y beige<\/p>\n","protected":false},"featured_media":6749,"comment_status":"open","ping_status":"closed","template":"","meta":{"_acf_changed":false,"_monsterinsights_skip_tracking":false,"_monsterinsights_sitenote_active":false,"_monsterinsights_sitenote_note":"","_monsterinsights_sitenote_category":0},"pwb-brand":[],"product_brand":[],"product_cat":[52,212],"product_tag":[307,523,379,521,524,522],"class_list":{"0":"post-6760","1":"product","2":"type-product","3":"status-publish","4":"has-post-thumbnail","6":"product_cat-hinduismo","7":"product_cat-otros-hinduismo","8":"product_tag-diosa-hindu","9":"product_tag-diosa-indu","10":"product_tag-salud","11":"product_tag-tara","12":"product_tag-tara-blanca","13":"product_tag-tara-verde","15":"first","16":"instock","17":"purchasable","18":"product-type-simple"},"acf":[],"brands":[],"_links":{"self":[{"href":"https:\/\/www.lacasamagica.cl\/ventas\/wp-json\/wp\/v2\/product\/6760","targetHints":{"allow":["GET"]}}],"collection":[{"href":"https:\/\/www.lacasamagica.cl\/ventas\/wp-json\/wp\/v2\/product"}],"about":[{"href":"https:\/\/www.lacasamagica.cl\/ventas\/wp-json\/wp\/v2\/types\/product"}],"replies":[{"embeddable":true,"href":"https:\/\/www.lacasamagica.cl\/ventas\/wp-json\/wp\/v2\/comments?post=6760"}],"wp:featuredmedia":[{"embeddable":true,"href":"https:\/\/www.lacasamagica.cl\/ventas\/wp-json\/wp\/v2\/media\/6749"}],"wp:attachment":[{"href":"https:\/\/www.lacasamagica.cl\/ventas\/wp-json\/wp\/v2\/media?parent=6760"}],"wp:term":[{"taxonomy":"pwb-brand","embeddable":true,"href":"https:\/\/www.lacasamagica.cl\/ventas\/wp-json\/wp\/v2\/pwb-brand?post=6760"},{"taxonomy":"product_brand","embeddable":true,"href":"https:\/\/www.lacasamagica.cl\/ventas\/wp-json\/wp\/v2\/product_brand?post=6760"},{"taxonomy":"product_cat","embeddable":true,"href":"https:\/\/www.lacasamagica.cl\/ventas\/wp-json\/wp\/v2\/product_cat?post=6760"},{"taxonomy":"product_tag","embeddable":true,"href":"https:\/\/www.lacasamagica.cl\/ventas\/wp-json\/wp\/v2\/product_tag?post=6760"}],"curies":[{"name":"wp","href":"https:\/\/api.w.org\/{rel}","templated":true}]}}