{"id":7078,"date":"2023-10-31T17:22:03","date_gmt":"2023-10-31T20:22:03","guid":{"rendered":"https:\/\/www.lacasamagica.cl\/ventas\/producto\/lampara-de-hada-2\/"},"modified":"2025-04-15T17:54:12","modified_gmt":"2025-04-15T20:54:12","slug":"lampara-de-hada-2","status":"publish","type":"product","link":"https:\/\/www.lacasamagica.cl\/ventas\/producto\/lampara-de-hada-2\/","title":{"rendered":"Lampara de Hada"},"content":{"rendered":"<p>Las Hadas son seres encantados y fant\u00e1sticos con forma femenina, a las que se le atribuyen poderes m\u00e1gicos. Estos peque\u00f1os seres se encargan de proteger los recursos naturales y que ayudan a las personas de distintas maneras<\/p>\n","protected":false},"excerpt":{"rendered":"<p>Lampara de hada con alas de vidrio<\/p>\n","protected":false},"featured_media":4454,"comment_status":"closed","ping_status":"closed","template":"","meta":{"_acf_changed":false,"_monsterinsights_skip_tracking":false,"_monsterinsights_sitenote_active":false,"_monsterinsights_sitenote_note":"","_monsterinsights_sitenote_category":0},"pwb-brand":[],"product_brand":[],"product_cat":[85,38],"product_tag":[414,338,417,416,132],"class_list":{"0":"post-7078","1":"product","2":"type-product","3":"status-publish","4":"has-post-thumbnail","6":"product_cat-hadas","7":"product_cat-seres-magicos","8":"product_tag-hada","9":"product_tag-lampara","10":"product_tag-ninfas","11":"product_tag-seres-encantados","12":"product_tag-seres-magicos","14":"first","15":"instock","16":"purchasable","17":"product-type-simple"},"acf":[],"brands":[],"_links":{"self":[{"href":"https:\/\/www.lacasamagica.cl\/ventas\/wp-json\/wp\/v2\/product\/7078","targetHints":{"allow":["GET"]}}],"collection":[{"href":"https:\/\/www.lacasamagica.cl\/ventas\/wp-json\/wp\/v2\/product"}],"about":[{"href":"https:\/\/www.lacasamagica.cl\/ventas\/wp-json\/wp\/v2\/types\/product"}],"replies":[{"embeddable":true,"href":"https:\/\/www.lacasamagica.cl\/ventas\/wp-json\/wp\/v2\/comments?post=7078"}],"wp:featuredmedia":[{"embeddable":true,"href":"https:\/\/www.lacasamagica.cl\/ventas\/wp-json\/wp\/v2\/media\/4454"}],"wp:attachment":[{"href":"https:\/\/www.lacasamagica.cl\/ventas\/wp-json\/wp\/v2\/media?parent=7078"}],"wp:term":[{"taxonomy":"pwb-brand","embeddable":true,"href":"https:\/\/www.lacasamagica.cl\/ventas\/wp-json\/wp\/v2\/pwb-brand?post=7078"},{"taxonomy":"product_brand","embeddable":true,"href":"https:\/\/www.lacasamagica.cl\/ventas\/wp-json\/wp\/v2\/product_brand?post=7078"},{"taxonomy":"product_cat","embeddable":true,"href":"https:\/\/www.lacasamagica.cl\/ventas\/wp-json\/wp\/v2\/product_cat?post=7078"},{"taxonomy":"product_tag","embeddable":true,"href":"https:\/\/www.lacasamagica.cl\/ventas\/wp-json\/wp\/v2\/product_tag?post=7078"}],"curies":[{"name":"wp","href":"https:\/\/api.w.org\/{rel}","templated":true}]}}