{"id":7344,"date":"2024-06-14T14:16:06","date_gmt":"2024-06-14T17:16:06","guid":{"rendered":"https:\/\/www.lacasamagica.cl\/ventas\/producto\/sirena-verde-2\/"},"modified":"2024-06-14T14:16:08","modified_gmt":"2024-06-14T17:16:08","slug":"sirena-verde-2","status":"publish","type":"product","link":"https:\/\/www.lacasamagica.cl\/ventas\/producto\/sirena-verde-2\/","title":{"rendered":"Sirena Verde"},"content":{"rendered":"<p>La Sirena representa la seducci\u00f3n y feminidad, est\u00e1n asociadas a los s\u00edmbolos y significado del amor, belleza, misterio, sensualidad, emoci\u00f3n, persuasi\u00f3n y percepci\u00f3n. Son una representaci\u00f3n perfecta para el poder y la independencia de las mujeres. Tambi\u00e9n representan muy bien la libertad, la rebeli\u00f3n del esp\u00edritu y de la independencia<\/p>\n","protected":false},"excerpt":{"rendered":"<p>La Sirena representa la seducci\u00f3n y feminidad, est\u00e1n asociadas a los s\u00edmbolos y significado del amor, belleza, misterio, sensualidad, emoci\u00f3n, persuasi\u00f3n y percepci\u00f3n. Son una representaci\u00f3n perfecta para el poder y la independencia de las mujeres. Tambi\u00e9n representan muy bien la libertad, la rebeli\u00f3n del esp\u00edritu y de la independencia<\/p>\n","protected":false},"featured_media":7259,"comment_status":"closed","ping_status":"open","template":"","meta":{"_acf_changed":false,"_monsterinsights_skip_tracking":false,"_monsterinsights_sitenote_active":false,"_monsterinsights_sitenote_note":"","_monsterinsights_sitenote_category":0},"pwb-brand":[],"product_brand":[],"product_cat":[38,105],"product_tag":[],"class_list":{"0":"post-7344","1":"product","2":"type-product","3":"status-publish","4":"has-post-thumbnail","6":"product_cat-seres-magicos","7":"product_cat-sirenas","9":"first","10":"instock","11":"purchasable","12":"product-type-simple"},"acf":[],"brands":[],"_links":{"self":[{"href":"https:\/\/www.lacasamagica.cl\/ventas\/wp-json\/wp\/v2\/product\/7344","targetHints":{"allow":["GET"]}}],"collection":[{"href":"https:\/\/www.lacasamagica.cl\/ventas\/wp-json\/wp\/v2\/product"}],"about":[{"href":"https:\/\/www.lacasamagica.cl\/ventas\/wp-json\/wp\/v2\/types\/product"}],"replies":[{"embeddable":true,"href":"https:\/\/www.lacasamagica.cl\/ventas\/wp-json\/wp\/v2\/comments?post=7344"}],"wp:featuredmedia":[{"embeddable":true,"href":"https:\/\/www.lacasamagica.cl\/ventas\/wp-json\/wp\/v2\/media\/7259"}],"wp:attachment":[{"href":"https:\/\/www.lacasamagica.cl\/ventas\/wp-json\/wp\/v2\/media?parent=7344"}],"wp:term":[{"taxonomy":"pwb-brand","embeddable":true,"href":"https:\/\/www.lacasamagica.cl\/ventas\/wp-json\/wp\/v2\/pwb-brand?post=7344"},{"taxonomy":"product_brand","embeddable":true,"href":"https:\/\/www.lacasamagica.cl\/ventas\/wp-json\/wp\/v2\/product_brand?post=7344"},{"taxonomy":"product_cat","embeddable":true,"href":"https:\/\/www.lacasamagica.cl\/ventas\/wp-json\/wp\/v2\/product_cat?post=7344"},{"taxonomy":"product_tag","embeddable":true,"href":"https:\/\/www.lacasamagica.cl\/ventas\/wp-json\/wp\/v2\/product_tag?post=7344"}],"curies":[{"name":"wp","href":"https:\/\/api.w.org\/{rel}","templated":true}]}}